{"id":2396,"date":"2024-04-11T12:02:01","date_gmt":"2024-04-11T10:02:01","guid":{"rendered":"http:\/\/s812772249.mialojamiento.es\/?page_id=2396"},"modified":"2024-04-11T12:05:21","modified_gmt":"2024-04-11T10:05:21","slug":"condiciones-generales","status":"publish","type":"page","link":"https:\/\/albaitaritza.com\/eus\/condiciones-generales\/","title":{"rendered":"Baldintza orokorrak"},"content":{"rendered":"<div data-elementor-type=\"wp-page\" data-elementor-id=\"2396\" class=\"elementor elementor-2396\">\n\t\t\t\t\t\t<section class=\"elementor-section elementor-top-section elementor-element elementor-element-6ed96192 elementor-section-boxed elementor-section-height-default elementor-section-height-default\" data-id=\"6ed96192\" data-element_type=\"section\" data-e-type=\"section\">\n\t\t\t\t\t\t<div class=\"elementor-container elementor-column-gap-default\">\n\t\t\t\t\t<div class=\"elementor-column elementor-col-100 elementor-top-column elementor-element elementor-element-2f22d2cf\" data-id=\"2f22d2cf\" data-element_type=\"column\" data-e-type=\"column\">\n\t\t\t<div class=\"elementor-widget-wrap elementor-element-populated\">\n\t\t\t\t\t\t<div class=\"elementor-element elementor-element-61689d81 elementor-widget elementor-widget-text-editor\" data-id=\"61689d81\" data-element_type=\"widget\" data-e-type=\"widget\" data-widget_type=\"text-editor.default\">\n\t\t\t\t<div class=\"elementor-widget-container\">\n\t\t\t\t\t\t\t\t\t<p><\/p>\n<p><\/p>\n<p><\/p>\n<h2 class=\"wp-block-heading\"><strong>ITZULKETAK<\/strong><\/h2>\n<p><\/p>\n<p><\/p>\n<p>Zure eskaera jasotzen duzunean gustura geratzen ez bazara, zure dirua itzuliko dizugu. Horretarako, gurekin harremanetan jarri besterik ez duzu, eskaera entregatu eta gehienez ere 7 eguneko epean. Kasu horretan, bidalketa-gastuak bezeroaren kontura izango dira.<\/p>\n<p>Jantzien edo beste artikulu batzuen neurria aldatzeagatik egiten diren itzulketen kasuan, gehienez ere 7 eguneko epean deitu beharko digute, entrega-datatik zenbatzen hasita. Kasu horretan, puntualki aztertuko da zer garraio-metodo erabili behar den bi zatientzako kostuak ahalik eta txikienak izan daitezen.<\/p>\n<p><\/p>\n<p><\/p>\n<h2 class=\"wp-block-heading\">ITZULTZEKO BALDINTZAK (96\/01\/15eko legea, zk.) 7\/1996)<\/h2>\n<p><\/p>\n<p><\/p>\n<p>Itzultzeko epea: 7 egun, eskaera aurkezten denetik.<\/p>\n<p>Artikuluek egoera onean egon behar dute eta jatorrizko bilgarrian<\/p>\n<p>Itzulketa gastuak aurreko atalean azaldutakoari lotuko zaizkio.<\/p>\n<p>Legearen arabera, ez da onartuko berehala erreproduzitu edo kopia daitezkeen objektuen itzulketarik (liburuak, bideo-zintak...), zaldia garbitzeko eta garbitzeko produktuak, berez itzuli ezin direnak, prezintatu gabeak, merkantzia hautsita edo akastuna iristen denean izan ezik. www.consumo-inc.es.<\/p>\n<p><\/p>\n<p><\/p>\n<h2 class=\"wp-block-heading\">PREZIOA<\/h2>\n<p><\/p>\n<p><\/p>\n<p>Aplikatu beharreko prezioak eskaeraren datan web-orrian adierazitakoak dira. Produktu bakoitza formularioan agertzen da bere izenburuarekin eta azken prezioarekin, eurotan.<\/p>\n<p>Albaitaritza S.A.k eskubidea du, edozein unetan eta aldez aurretik jakinarazi gabe, egoki iruditzen zaizkion aldaketak egiteko. Gainera, egunero eguneratu ahal izango ditu produktuak eta prezioak, kasuan kasuko hornitzailearen eskakizunen arabera.<\/p>\n<p><\/p>\n<p><\/p>\n<p><\/p>\t\t\t\t\t\t\t\t<\/div>\n\t\t\t\t<\/div>\n\t\t\t\t\t<\/div>\n\t\t<\/div>\n\t\t\t\t\t<\/div>\n\t\t<\/section>\n\t\t\t\t<\/div>","protected":false},"excerpt":{"rendered":"<p>DEVOLUCIONES En caso de que no quede satisfecho cuando reciba su pedido, le devolvemos su dinero, solo tiene que ponerse en contacto con nosotros en un plazo m\u00e1ximo de 7 d\u00edas contados a partir de la fecha de entrega del pedido. Los gastos de env\u00edo en este caso correr\u00e1n a cargo del cliente. Para las devoluciones por cambio de talla en las prendas o en otros art\u00edculos tendr\u00e1n que llamarnos&hellip;<\/p>","protected":false},"author":6,"featured_media":0,"parent":0,"menu_order":0,"comment_status":"closed","ping_status":"closed","template":"","meta":{"inline_featured_image":false,"footnotes":""},"class_list":["post-2396","page","type-page","status-publish","hentry"],"_links":{"self":[{"href":"https:\/\/albaitaritza.com\/eus\/wp-json\/wp\/v2\/pages\/2396","targetHints":{"allow":["GET"]}}],"collection":[{"href":"https:\/\/albaitaritza.com\/eus\/wp-json\/wp\/v2\/pages"}],"about":[{"href":"https:\/\/albaitaritza.com\/eus\/wp-json\/wp\/v2\/types\/page"}],"author":[{"embeddable":true,"href":"https:\/\/albaitaritza.com\/eus\/wp-json\/wp\/v2\/users\/6"}],"replies":[{"embeddable":true,"href":"https:\/\/albaitaritza.com\/eus\/wp-json\/wp\/v2\/comments?post=2396"}],"version-history":[{"count":5,"href":"https:\/\/albaitaritza.com\/eus\/wp-json\/wp\/v2\/pages\/2396\/revisions"}],"predecessor-version":[{"id":2401,"href":"https:\/\/albaitaritza.com\/eus\/wp-json\/wp\/v2\/pages\/2396\/revisions\/2401"}],"wp:attachment":[{"href":"https:\/\/albaitaritza.com\/eus\/wp-json\/wp\/v2\/media?parent=2396"}],"curies":[{"name":"wp","href":"https:\/\/api.w.org\/{rel}","templated":true}]}}