{"id":654,"date":"2021-05-12T16:20:26","date_gmt":"2021-05-12T14:20:26","guid":{"rendered":"http:\/\/albaitaritzagenetica.com\/?page_id=654"},"modified":"2021-06-04T11:41:33","modified_gmt":"2021-06-04T09:41:33","slug":"politica-de-cookies","status":"publish","type":"page","link":"https:\/\/albaitaritza.com\/eus\/politica-de-cookies\/","title":{"rendered":"Cookieen politika"},"content":{"rendered":"<div style=\"height:100px\" aria-hidden=\"true\" class=\"wp-block-spacer\"><\/div>\n\n\n\n<h2 class=\"wp-block-heading\">Cookieen politika<\/h2>\n\n\n\n<h5 class=\"wp-block-heading\">Zer dira cookieak?<\/h5>\n\n\n\n<p>Web orri jakin batzuetara sartzean ordenagailuan deskargatzen den fitxategia da cookie bat. Cookie-ei esker, web orri batek, besteak beste, erabiltzaile baten edo haren ekipoaren nabigazio-ohiturei buruzko informazioa gorde eta berreskura dezake, eta, dituen informazioaren eta ekipoa erabiltzeko moduaren arabera, erabiltzailea ezagutzeko erabil daiteke.&nbsp;<\/p>\n\n\n\n<h5 class=\"wp-block-heading\">Zer cookie mota erabiltzen ditu web orri honek?<\/h5>\n\n\n\n<p>Webgune honek cookie mota hauek erabiltzen ditu:<\/p>\n\n\n\n<p><strong>Analisi-cookieak<\/strong>: Guk edo hirugarrenek tratatu ondoren, erabiltzaile-kopurua zenbatzeko aukera ematen digute, eta, hala, eskainitako zerbitzua erabiltzen dutenek egiten duten erabileraren neurketa eta analisi estatistikoa egin dezakegu. Horretarako, gure web orrian egiten duzun nabigazioa aztertzen da, eskaintzen dizkizugun produktu edo zerbitzuen eskaintza hobetzeko.<\/p>\n\n\n\n<p><strong>Pertsonalizatzeko cookieak<\/strong>Erabiltzailearen terminaleko zenbait irizpideren arabera aurrez definitutako ezaugarri orokor batzuekin sartzen uzten diote erabiltzaileari zerbitzura; adibidez, zerbitzura konektatzeko erabiltzen den hizkuntza edo nabigatzaile-mota.<\/p>\n\n\n\n<h5 class=\"wp-block-heading\">Desaktibatu cookieak<\/h5>\n\n\n\n<p>Desaktibatu cookieak&nbsp;<strong>cookie-ak baimendu, blokeatu edo ezabatzeko<\/strong>&nbsp;zure ordenagailuan instalatutako nabigatzailearen aukerak konfiguratuz instalatu dira.<\/p>\n\n\n\n<p>Zure ekipoan instalatutako cookieak baimendu, blokeatu edo ezabatzeko aukera ematen dute web nabigatzaile gehienek.<\/p>\n\n\n\n<p>Ondoren, web nabigatzaile ohikoenen konfiguraziora sar zaitezke, cookieak onartzeko, instalatzeko edo desaktibatzeko:<\/p>\n\n\n\n<p><a href=\"https:\/\/support.google.com\/chrome\/answer\/95647?hl=es\" target=\"_blank\" rel=\"noreferrer noopener\">Cookieak konfiguratu Google Chromen<\/a><\/p>\n\n\n\n<p><a href=\"http:\/\/windows.microsoft.com\/es-es\/windows7\/how-to-manage-cookies-in-internet-explorer-9\" target=\"_blank\" rel=\"noreferrer noopener\">Konfiguratu cookieak Microsoft Internet Explorer-en<\/a><\/p>\n\n\n\n<p><a href=\"https:\/\/support.mozilla.org\/es\/kb\/habilitar-y-deshabilitar-cookies-sitios-web-rastrear-preferencias?redirectlocale=es&amp;redirectslug=habilitar-y-deshabilitar-cookies-que-los-sitios-we\" target=\"_blank\" rel=\"noreferrer noopener\">Cookieak konfiguratu Mozilla Firefox-en<\/a><\/p>\n\n\n\n<p><a href=\"https:\/\/support.apple.com\/es-es\/HT201265\" target=\"_blank\" rel=\"noreferrer noopener\">Konfiguratu cookieak Safari-n (Apple)<\/a><\/p>\n\n\n\n<h5 class=\"wp-block-heading\">Cookieak ezabatzeari buruzko oharra<\/h5>\n\n\n\n<p>Gune honetako cookie guztiak ezabatu eta blokea ditzakezu, baina gunearen zati batek ez du funtzionatuko edo web orriaren kalitateari eragin diezaioke.<\/p>\n\n\n\n<p>Gure cookie-politikari buruzko zalantzarik baduzu, gure Harremanetarako kanalen bidez jar zaitezke harremanetan web orri honekin.<\/p>\n\n\n\n<div style=\"height:100px\" aria-hidden=\"true\" class=\"wp-block-spacer\"><\/div>","protected":false},"excerpt":{"rendered":"<p>Pol\u00edtica de cookies \u00bfQu\u00e9 son las cookies? Una cookie es un fichero que se descarga en su ordenador al&nbsp;acceder a determinadas p\u00e1ginas web. Las cookies permiten a una p\u00e1gina web,&nbsp;entre otras cosas, almacenar y recuperar informaci\u00f3n sobre los h\u00e1bitos de&nbsp;navegaci\u00f3n de un usuario o de su equipo y, dependiendo de la informaci\u00f3n que&nbsp;contengan y de la forma en que utilice su equipo, pueden utilizarse para&nbsp;reconocer al usuario.&nbsp; \u00bfQu\u00e9 tipos de&hellip;<\/p>","protected":false},"author":4,"featured_media":0,"parent":0,"menu_order":0,"comment_status":"closed","ping_status":"closed","template":"","meta":{"inline_featured_image":false,"footnotes":""},"class_list":["post-654","page","type-page","status-publish","hentry"],"_links":{"self":[{"href":"https:\/\/albaitaritza.com\/eus\/wp-json\/wp\/v2\/pages\/654","targetHints":{"allow":["GET"]}}],"collection":[{"href":"https:\/\/albaitaritza.com\/eus\/wp-json\/wp\/v2\/pages"}],"about":[{"href":"https:\/\/albaitaritza.com\/eus\/wp-json\/wp\/v2\/types\/page"}],"author":[{"embeddable":true,"href":"https:\/\/albaitaritza.com\/eus\/wp-json\/wp\/v2\/users\/4"}],"replies":[{"embeddable":true,"href":"https:\/\/albaitaritza.com\/eus\/wp-json\/wp\/v2\/comments?post=654"}],"version-history":[{"count":3,"href":"https:\/\/albaitaritza.com\/eus\/wp-json\/wp\/v2\/pages\/654\/revisions"}],"predecessor-version":[{"id":657,"href":"https:\/\/albaitaritza.com\/eus\/wp-json\/wp\/v2\/pages\/654\/revisions\/657"}],"wp:attachment":[{"href":"https:\/\/albaitaritza.com\/eus\/wp-json\/wp\/v2\/media?parent=654"}],"curies":[{"name":"wp","href":"https:\/\/api.w.org\/{rel}","templated":true}]}}