{"id":2530,"date":"2024-05-29T15:29:46","date_gmt":"2024-05-29T13:29:46","guid":{"rendered":"http:\/\/s812772249.mialojamiento.es\/?post_type=product&#038;p=2530"},"modified":"2025-02-25T10:11:06","modified_gmt":"2025-02-25T09:11:06","slug":"bovergol","status":"publish","type":"product","link":"https:\/\/albaitaritza.com\/eus\/produktua\/bovergol\/","title":{"rendered":"BOVERGOL"},"content":{"rendered":"<p>OHARRAK:<br \/>\n*Acetonemia en vacuno. P\u00e9rdida de apetito post-parto, mal comienzo de lactaci\u00f3n con p\u00e9rdida r\u00e1pida de peso.<br \/>\n*Acetonemia en ovino. Inapetencia antes del parto, caminar sin direcci\u00f3n, apoyo en cualquier obst\u00e1culo con final de dec\u00fabito externo abdominal.<br \/>\n*Hausnarkari nekatuentzako, eriondokoentzako eta abarrentzako apetitua sustatzea.<br \/>\n*Energia-galeren konpentsazioa peneko egoeretan ,subalimidad,transporte\u2026<\/p>\n<p>BOVERGOLek funtzio hepatikoa estimulatzen du, eta triglizeridoak azkarrago kanporatzen ditu.<\/p>\n<p>ERABILERA:<\/p>\n<p>Erditu aurretik eta erditu ondoren<\/p>\n<p>Behi-azienda: 150-300 ml. behi\/egun<br \/>\nArdi-azienda: 20-50 ml. ardi\/egun<\/p>\n<p>AURKEZPENA:<br \/>\n5 litroko bidoia<\/p>","protected":false},"excerpt":{"rendered":"<p class=\"descripcion_producto\">Hausnarkarien metabolismo energetikoa hobetzeko elikagai dietetikoa da BOVERGOL.<\/p>\n<p class=\"descripcion_producto\">KONPOSIZIOA: agente glukosformatzaileen (Monopropylenglycol, sorbitol), azido organikoen, substantzia mineralen elkarketa.<\/p>","protected":false},"featured_media":3347,"template":"","meta":{"inline_featured_image":false},"product_brand":[],"product_cat":[37],"product_tag":[],"class_list":{"0":"post-2530","1":"product","2":"type-product","3":"status-publish","4":"has-post-thumbnail","6":"product_cat-productos_nutricionales","8":"first","9":"instock","10":"shipping-taxable","11":"product-type-simple"},"_links":{"self":[{"href":"https:\/\/albaitaritza.com\/eus\/wp-json\/wp\/v2\/product\/2530","targetHints":{"allow":["GET"]}}],"collection":[{"href":"https:\/\/albaitaritza.com\/eus\/wp-json\/wp\/v2\/product"}],"about":[{"href":"https:\/\/albaitaritza.com\/eus\/wp-json\/wp\/v2\/types\/product"}],"wp:featuredmedia":[{"embeddable":true,"href":"https:\/\/albaitaritza.com\/eus\/wp-json\/wp\/v2\/media\/3347"}],"wp:attachment":[{"href":"https:\/\/albaitaritza.com\/eus\/wp-json\/wp\/v2\/media?parent=2530"}],"wp:term":[{"taxonomy":"product_brand","embeddable":true,"href":"https:\/\/albaitaritza.com\/eus\/wp-json\/wp\/v2\/product_brand?post=2530"},{"taxonomy":"product_cat","embeddable":true,"href":"https:\/\/albaitaritza.com\/eus\/wp-json\/wp\/v2\/product_cat?post=2530"},{"taxonomy":"product_tag","embeddable":true,"href":"https:\/\/albaitaritza.com\/eus\/wp-json\/wp\/v2\/product_tag?post=2530"}],"curies":[{"name":"wp","href":"https:\/\/api.w.org\/{rel}","templated":true}]}}