{"id":2532,"date":"2024-05-29T15:31:08","date_gmt":"2024-05-29T13:31:08","guid":{"rendered":"http:\/\/s812772249.mialojamiento.es\/?post_type=product&#038;p=2532"},"modified":"2025-02-25T10:10:52","modified_gmt":"2025-02-25T09:10:52","slug":"hydroplus","status":"publish","type":"product","link":"https:\/\/albaitaritza.com\/eus\/produktua\/hydroplus\/","title":{"rendered":"HYDROPLUS"},"content":{"rendered":"<p>Composici\u00f3n:<\/p>\n<p>Dextrosa, bicarbonato s\u00f3dico, lactosa, cloruro s\u00f3dico, cloruro de potasio.<\/p>\n<p>Modo de empleo:<\/p>\n<p>Disolver un comprimido en un litro de agua tibia.Distribuir a raz\u00f3n de 2 litros de soluci\u00f3n por toma durante 2 d\u00edas.En caso de necesidad administrar un d\u00eda m\u00e1s.<\/p>\n<p>Alimento complementario diet\u00e9tico para terneros.<\/p>\n<p>Cubo de 48 comprimidos de 50 gr (envueltos individualmente).<\/p>\n<p>&nbsp;<\/p>","protected":false},"excerpt":{"rendered":"<p class=\"descripcion_producto\">Comprimidos efervescentes ante la aparici\u00f3n de trastornos digestivos en el ternero, HYDROPLUS aporta la estabilizaci\u00f3n del equilibrio h\u00eddrico y los electrolitos necesarios para su refuerza la flora intestinal, gracias al aporte de probi\u00f3ticos, y su presentaci\u00f3n en pastillas efervescentes facilita enormemente el manejo. En 2 \u00f3 3 d\u00edas de tratamiento el organismo se estabiliza y puede retomar la alimentaci\u00f3n normal.<\/p>","protected":false},"featured_media":3345,"template":"","meta":{"inline_featured_image":false},"product_brand":[],"product_cat":[37],"product_tag":[],"class_list":{"0":"post-2532","1":"product","2":"type-product","3":"status-publish","4":"has-post-thumbnail","6":"product_cat-productos_nutricionales","8":"first","9":"instock","10":"shipping-taxable","11":"product-type-simple"},"_links":{"self":[{"href":"https:\/\/albaitaritza.com\/eus\/wp-json\/wp\/v2\/product\/2532","targetHints":{"allow":["GET"]}}],"collection":[{"href":"https:\/\/albaitaritza.com\/eus\/wp-json\/wp\/v2\/product"}],"about":[{"href":"https:\/\/albaitaritza.com\/eus\/wp-json\/wp\/v2\/types\/product"}],"wp:featuredmedia":[{"embeddable":true,"href":"https:\/\/albaitaritza.com\/eus\/wp-json\/wp\/v2\/media\/3345"}],"wp:attachment":[{"href":"https:\/\/albaitaritza.com\/eus\/wp-json\/wp\/v2\/media?parent=2532"}],"wp:term":[{"taxonomy":"product_brand","embeddable":true,"href":"https:\/\/albaitaritza.com\/eus\/wp-json\/wp\/v2\/product_brand?post=2532"},{"taxonomy":"product_cat","embeddable":true,"href":"https:\/\/albaitaritza.com\/eus\/wp-json\/wp\/v2\/product_cat?post=2532"},{"taxonomy":"product_tag","embeddable":true,"href":"https:\/\/albaitaritza.com\/eus\/wp-json\/wp\/v2\/product_tag?post=2532"}],"curies":[{"name":"wp","href":"https:\/\/api.w.org\/{rel}","templated":true}]}}