{"id":2538,"date":"2024-05-29T16:10:48","date_gmt":"2024-05-29T14:10:48","guid":{"rendered":"http:\/\/s812772249.mialojamiento.es\/?post_type=product&#038;p=2538"},"modified":"2025-02-25T10:07:07","modified_gmt":"2025-02-25T09:07:07","slug":"bomba-cps","status":"publish","type":"product","link":"https:\/\/albaitaritza.com\/eus\/produktua\/bomba-cps\/","title":{"rendered":"CPS PONPA"},"content":{"rendered":"<p>C\u00f3mo utilizar la bomba CPS<br \/>\n.Introducir la sonda hasta el fondo de la garganta sin forzar, manteniendo la cabeza del animal lo m\u00e1s extendida posible. Insistir la presi\u00f3n en la sonda hasta que el animal la trague. El animal deber\u00e1 estar bloqueado en el cepo o atado con cadena.<\/p>\n<p>.Aunque el desv\u00edo al aparato respiratorio por la estructura de la bomba es dif\u00edcil, los enganches de la barra facilitan enormemente la comprobaci\u00f3n.<\/p>\n<p>.La sonda debe introducirse hasta la empu\u00f1adura y fijarla con ayuda del narig\u00f3n a los ollares.<\/p>\n<p>.Comprobar la uni\u00f3n de la sonda-manguera-bomba.<\/p>\n<p>.Empezar la maniobra de bombeo. La mezcla a introducir est\u00e1 previamente preparada en un cubo. Parar en caso de eructaci\u00f3n.<\/p>\n<p>.Una vez terminada la mezcla, quitar el narig\u00f3n y sacar la sonda despacio y sin forzar.<\/p>\n<p>.Lavar la bomba-sonda bombeando agua limpia varias veces.<\/p>","protected":false},"excerpt":{"rendered":"<p>Ponpatzea CPS PONPAri esker, ur epel kantitate handi bat (30 edo 40 litro) ematea da zuzenean behiaren errumenean, eta patologiaren arabera, lagunduko dioten hainbat substantzia gehituz.\nTeknika hau Ameriketako teknikariek prestatu zuten eta CPS duela urte batzuk Marlin Springer Nebraskako (AEB) abeltzainak asmatu zuen. Harrezkero, milaka behi birhidratatu dira sistema horrekin, eta gogobetetze-indize oso handietara iritsi dira.\nEzinbestekoa da erditu ondorengo birhidratazioan eta beste egoera batzuetan, hala nola, koadro endotoxikoetan, zein mamitis kolibazilarretan.<\/p>","protected":false},"featured_media":3337,"template":"","meta":{"inline_featured_image":false},"product_brand":[],"product_cat":[38],"product_tag":[],"class_list":{"0":"post-2538","1":"product","2":"type-product","3":"status-publish","4":"has-post-thumbnail","6":"product_cat-manejo","8":"first","9":"instock","10":"shipping-taxable","11":"product-type-simple"},"_links":{"self":[{"href":"https:\/\/albaitaritza.com\/eus\/wp-json\/wp\/v2\/product\/2538","targetHints":{"allow":["GET"]}}],"collection":[{"href":"https:\/\/albaitaritza.com\/eus\/wp-json\/wp\/v2\/product"}],"about":[{"href":"https:\/\/albaitaritza.com\/eus\/wp-json\/wp\/v2\/types\/product"}],"wp:featuredmedia":[{"embeddable":true,"href":"https:\/\/albaitaritza.com\/eus\/wp-json\/wp\/v2\/media\/3337"}],"wp:attachment":[{"href":"https:\/\/albaitaritza.com\/eus\/wp-json\/wp\/v2\/media?parent=2538"}],"wp:term":[{"taxonomy":"product_brand","embeddable":true,"href":"https:\/\/albaitaritza.com\/eus\/wp-json\/wp\/v2\/product_brand?post=2538"},{"taxonomy":"product_cat","embeddable":true,"href":"https:\/\/albaitaritza.com\/eus\/wp-json\/wp\/v2\/product_cat?post=2538"},{"taxonomy":"product_tag","embeddable":true,"href":"https:\/\/albaitaritza.com\/eus\/wp-json\/wp\/v2\/product_tag?post=2538"}],"curies":[{"name":"wp","href":"https:\/\/api.w.org\/{rel}","templated":true}]}}