{"id":2570,"date":"2024-05-30T08:43:10","date_gmt":"2024-05-30T06:43:10","guid":{"rendered":"http:\/\/s812772249.mialojamiento.es\/?post_type=product&#038;p=2570"},"modified":"2025-02-27T17:25:45","modified_gmt":"2025-02-27T16:25:45","slug":"osabai","status":"publish","type":"product","link":"https:\/\/albaitaritza.com\/eus\/produktua\/osabai\/","title":{"rendered":"OSABAI"},"content":{"rendered":"<p class=\"descripcion_producto\"><strong>OSABAI<\/strong> es un pienso complementario, sin aditivos ni antibi\u00f3ticos , destinado a la prevenci\u00f3n y tratamiento de las diarreas y que facilita dar de comer a los terneros y corderos de cr\u00eda.<\/p>\n<p class=\"descripcion_producto\">COMPOSICION: Productos y sub-productos de granos de frutas, dextrosa, productos y subproductos de ra\u00edces y tub\u00e9rculos, cloruro de sodio, acetato de sodio, bicarbonato de sodio, productos y sub-productos de granos de cereales, cloruro de potasio, propionato de calcio, fosfato monopot\u00e1sico, pectinas, hidr\u00f3xido de magnesio.<\/p>\n<p>Osagai analitikoak<\/p>\n<p>Proteina gordinak\u2014\u2014- %3,60<\/p>\n<p>Celulosa bruta&#8212;&#8212;&#8212;-3.50 %<\/p>\n<p>Koipekiak \u2014\u2013%1,00<\/p>\n<p>Errautsak \u2014\u2014\u2014 \u2014,00<\/p>\n<p>Sodioa (kloruroa, azetatoa eta bikarbonatoa)<\/p>\n<p>&#8212;&#8212;&#8212;&#8212;&#8212;&#8212;&#8212;&#8211;50 %<\/p>\n<p>Potasioa (kloruroa eta fosfatoa)<\/p>\n<p>&#8212;&#8212;&#8212;&#8212;&#8212;&#8212;&#8212;&#8211; 1.30 %<\/p>\n<p>Kloroa (sodio kloruroa eta potasioa)<\/p>\n<p>&#8212;&#8212;&#8212;&#8212;&#8212;&#8212;&#8212;&#8212;7.00%<\/p>\n<p>OHARRAK:<\/p>\n<p>Zekorrak:<\/p>\n<p>.Tratamendua: digestio arazoak izanez gero (beherakoak), 50 g diluitu 2 litro esnetan edo ur epeletan hartualdi bakoitzeko. 3 aldiz egunean, 3-4 egunez.<\/p>\n<p>.Prebentzioa: 25 g esnean hartualdi bakoitzeko<\/p>\n<p>Corderos, cabritos y lechones:<\/p>\n<p>. Tratamiento: 10 g. al d\u00eda durante 3 a 4 d\u00edas<\/p>\n<p>. Prevenci\u00f3n: 5 g al d\u00eda por toma<\/p>\n<p>. Envases\u00a0 5 kilos .<\/p>","protected":false},"excerpt":{"rendered":"<p class=\"descripcion_producto\"><strong>Osabai<\/strong> es un complemento alimentario que facilita el arranque de los terneros en sus primeros d\u00edas.<\/p>\n<p>.Normaliza las funciones intestinales gracias a su alto contenido de elementos estabilizantes, como la harina de pl\u00e1tano y la harina de zanahoria.<\/p>\n<p>.Eficacia comprobada en fases cr\u00edticas y de estr\u00e9s: adquisici\u00f3n nueva y estabulaciones nuevas; cambio de leche materna a sustituto de leche.<\/p>\n<p>.Abastece al ternero con electrolitos (sodio, potasio) y vitaminas (A, D3, C y B).<\/p>\n<p>.Sin aditivos ni antibi\u00f3ticos, por lo que no hay formaci\u00f3n de resistencia.<\/p>","protected":false},"featured_media":3335,"template":"","meta":{"inline_featured_image":false},"product_brand":[],"product_cat":[37],"product_tag":[],"class_list":{"0":"post-2570","1":"product","2":"type-product","3":"status-publish","4":"has-post-thumbnail","6":"product_cat-productos_nutricionales","8":"first","9":"instock","10":"virtual","11":"product-type-simple"},"_links":{"self":[{"href":"https:\/\/albaitaritza.com\/eus\/wp-json\/wp\/v2\/product\/2570","targetHints":{"allow":["GET"]}}],"collection":[{"href":"https:\/\/albaitaritza.com\/eus\/wp-json\/wp\/v2\/product"}],"about":[{"href":"https:\/\/albaitaritza.com\/eus\/wp-json\/wp\/v2\/types\/product"}],"wp:featuredmedia":[{"embeddable":true,"href":"https:\/\/albaitaritza.com\/eus\/wp-json\/wp\/v2\/media\/3335"}],"wp:attachment":[{"href":"https:\/\/albaitaritza.com\/eus\/wp-json\/wp\/v2\/media?parent=2570"}],"wp:term":[{"taxonomy":"product_brand","embeddable":true,"href":"https:\/\/albaitaritza.com\/eus\/wp-json\/wp\/v2\/product_brand?post=2570"},{"taxonomy":"product_cat","embeddable":true,"href":"https:\/\/albaitaritza.com\/eus\/wp-json\/wp\/v2\/product_cat?post=2570"},{"taxonomy":"product_tag","embeddable":true,"href":"https:\/\/albaitaritza.com\/eus\/wp-json\/wp\/v2\/product_tag?post=2570"}],"curies":[{"name":"wp","href":"https:\/\/api.w.org\/{rel}","templated":true}]}}