{"id":3327,"date":"2025-01-27T18:01:33","date_gmt":"2025-01-27T17:01:33","guid":{"rendered":"https:\/\/albaitaritza.com\/?post_type=product&#038;p=3327"},"modified":"2025-02-25T10:09:57","modified_gmt":"2025-02-25T09:09:57","slug":"vainas-alpha","status":"publish","type":"product","link":"https:\/\/albaitaritza.com\/eus\/produktua\/vainas-alpha\/","title":{"rendered":"Vainas ALPHA"},"content":{"rendered":"<p>Sus dos orificios laterales de salida permiten un dep\u00f3sito constante de semen y mejoran la higiene durante la inseminaci\u00f3n al evitar el reflujo. Su cabeza transparente hace que los fluidos sean f\u00e1ciles de ver al retirarlos y permite una f\u00e1cil lectura y escaneo del c\u00f3digo de barras.<\/p>\n<p>La funda Alpha sin abertura puede ser utilizada tanto con pajuelas mini como con medianas y es f\u00e1cil de conectar a una AlphaVision o Kombicolor.<\/p>\n<p>Al facilitar la inserci\u00f3n en el cuello uterino y a trav\u00e9s de los anillos cervicales, esta funda innovadora garantiza la comodidad de la vaca durante la inseminaci\u00f3n.<\/p>\n<p>Su cabeza esf\u00e9rica pulida y su pl\u00e1stico cristalino ultra liso evitan cualquier trauma en las membranas vaginales, cervicales o uterinas.<\/p>\n<p>Tambi\u00e9n ahorra tiempo en la preparaci\u00f3n e inseminaci\u00f3n al permitir una inserci\u00f3n m\u00e1s sencilla de la pajuela.<\/p>\n<p>Sus dos salidas laterales garantizan un dep\u00f3sito de semen apropiado independientemente de su posici\u00f3n.<\/p>\n<p>La funda Alpha puede utilizarse con pajuelas mini, medianas y universales.<\/p>\n<p>&nbsp;<\/p>","protected":false},"excerpt":{"rendered":"<p><strong>Vainas ALPHA<\/strong><br \/>\nCon su cabeza espec\u00edfica redondeada, la funda Alpha pasa fluidamente hacia el cuello uterino y a trav\u00e9s de los pliegues cervicales. Su entrega lateral doble mejora la higiene.<\/p>","protected":false},"featured_media":3333,"template":"","meta":{"inline_featured_image":false},"product_brand":[],"product_cat":[46],"product_tag":[],"class_list":{"0":"post-3327","1":"product","2":"type-product","3":"status-publish","4":"has-post-thumbnail","6":"product_cat-inseminacion","8":"first","9":"instock","10":"virtual","11":"product-type-simple"},"_links":{"self":[{"href":"https:\/\/albaitaritza.com\/eus\/wp-json\/wp\/v2\/product\/3327","targetHints":{"allow":["GET"]}}],"collection":[{"href":"https:\/\/albaitaritza.com\/eus\/wp-json\/wp\/v2\/product"}],"about":[{"href":"https:\/\/albaitaritza.com\/eus\/wp-json\/wp\/v2\/types\/product"}],"wp:featuredmedia":[{"embeddable":true,"href":"https:\/\/albaitaritza.com\/eus\/wp-json\/wp\/v2\/media\/3333"}],"wp:attachment":[{"href":"https:\/\/albaitaritza.com\/eus\/wp-json\/wp\/v2\/media?parent=3327"}],"wp:term":[{"taxonomy":"product_brand","embeddable":true,"href":"https:\/\/albaitaritza.com\/eus\/wp-json\/wp\/v2\/product_brand?post=3327"},{"taxonomy":"product_cat","embeddable":true,"href":"https:\/\/albaitaritza.com\/eus\/wp-json\/wp\/v2\/product_cat?post=3327"},{"taxonomy":"product_tag","embeddable":true,"href":"https:\/\/albaitaritza.com\/eus\/wp-json\/wp\/v2\/product_tag?post=3327"}],"curies":[{"name":"wp","href":"https:\/\/api.w.org\/{rel}","templated":true}]}}