{"id":3587,"date":"2025-02-04T08:11:20","date_gmt":"2025-02-04T07:11:20","guid":{"rendered":"https:\/\/albaitaritza.com\/?post_type=product&#038;p=3587"},"modified":"2025-02-25T10:09:28","modified_gmt":"2025-02-25T09:09:28","slug":"osabai-gel","status":"publish","type":"product","link":"https:\/\/albaitaritza.com\/eus\/produktua\/osabai-gel\/","title":{"rendered":"OSABAI GEL"},"content":{"rendered":"<p><strong>Propiedades<\/strong><br \/>\n.Control de cetosis y acci\u00f3n hepatoprotectora desintoxicante.<br \/>\n.Reducci\u00f3n de estr\u00e9s postparto, m\u00e1s r\u00e1pida involuci\u00f3n uterina y m\u00e1s r\u00e1pida reanudaci\u00f3n de la actividad ov\u00e1rica.<br \/>\n.Mejora de la respuesta inmunitaria.<br \/>\n.R\u00e1pida y eficaz soluci\u00f3n de las paradas ruminales.<br \/>\n.Estimulaci\u00f3n de la flora microbiana y aumento de la ingesti\u00f3n de materia seca.<\/p>","protected":false},"excerpt":{"rendered":"<p class=\"descripcion_producto\">Estimulador ruminal.<\/p>\n<p>Es una soluci\u00f3n natural, dedicada a la resoluci\u00f3n de los fen\u00f3menos de diarrea de los animales lactantes.<\/p>\n<p>Alta biodisponibilidad y r\u00e1pida absorci\u00f3n, gracias a su composici\u00f3n basada en pectinas, levadura, yogurt spray\u2026<br \/>\nEs una soluci\u00f3n natural sin ning\u00fan compuesto antibi\u00f3tico, ideado y formulado para animales lactantes, para una m\u00e1s r\u00e1pida y eficaz resoluci\u00f3n de las alteraciones intestinales debidas a diarreas agudas o cr\u00f3nicas.<\/p>","protected":false},"featured_media":3588,"template":"","meta":{"inline_featured_image":false},"product_brand":[],"product_cat":[37],"product_tag":[],"class_list":{"0":"post-3587","1":"product","2":"type-product","3":"status-publish","4":"has-post-thumbnail","6":"product_cat-productos_nutricionales","8":"first","9":"instock","10":"virtual","11":"product-type-simple"},"_links":{"self":[{"href":"https:\/\/albaitaritza.com\/eus\/wp-json\/wp\/v2\/product\/3587","targetHints":{"allow":["GET"]}}],"collection":[{"href":"https:\/\/albaitaritza.com\/eus\/wp-json\/wp\/v2\/product"}],"about":[{"href":"https:\/\/albaitaritza.com\/eus\/wp-json\/wp\/v2\/types\/product"}],"wp:featuredmedia":[{"embeddable":true,"href":"https:\/\/albaitaritza.com\/eus\/wp-json\/wp\/v2\/media\/3588"}],"wp:attachment":[{"href":"https:\/\/albaitaritza.com\/eus\/wp-json\/wp\/v2\/media?parent=3587"}],"wp:term":[{"taxonomy":"product_brand","embeddable":true,"href":"https:\/\/albaitaritza.com\/eus\/wp-json\/wp\/v2\/product_brand?post=3587"},{"taxonomy":"product_cat","embeddable":true,"href":"https:\/\/albaitaritza.com\/eus\/wp-json\/wp\/v2\/product_cat?post=3587"},{"taxonomy":"product_tag","embeddable":true,"href":"https:\/\/albaitaritza.com\/eus\/wp-json\/wp\/v2\/product_tag?post=3587"}],"curies":[{"name":"wp","href":"https:\/\/api.w.org\/{rel}","templated":true}]}}