{"id":4095,"date":"2025-02-05T17:19:04","date_gmt":"2025-02-05T16:19:04","guid":{"rendered":"https:\/\/albaitaritza.com\/?post_type=product&#038;p=4095"},"modified":"2025-02-25T10:09:17","modified_gmt":"2025-02-25T09:09:17","slug":"bolus-magnesio","status":"publish","type":"product","link":"https:\/\/albaitaritza.com\/eus\/produktua\/bolus-magnesio\/","title":{"rendered":"Bolus Magnesio"},"content":{"rendered":"<p>Suministro: 1 bolo por v\u00eda oral mediante el aplicador 2-3 d\u00edas antes de salir al pasto o en el pico de lactaci\u00f3n.<br \/>\nPresentaci\u00f3n: 4 bolos de 180 g por caja.<\/p>","protected":false},"excerpt":{"rendered":"<p class=\"descripcion_producto\">Suplemento de magnesio de liberaci\u00f3n controlada (20 d\u00edas).<\/p>\n<p class=\"descripcion_producto\">Protecci\u00f3n contra la tetania en vacas en pastoreo y para prevenci\u00f3n de la deficiencia de magnesio en vacas en pico de lactaci\u00f3n, la cual puede ser una de las causantes<br \/>\nde la hipocalcemia postparto.<\/p>","protected":false},"featured_media":4096,"template":"","meta":{"inline_featured_image":false},"product_brand":[],"product_cat":[37],"product_tag":[],"class_list":{"0":"post-4095","1":"product","2":"type-product","3":"status-publish","4":"has-post-thumbnail","6":"product_cat-productos_nutricionales","8":"first","9":"instock","10":"virtual","11":"product-type-simple"},"_links":{"self":[{"href":"https:\/\/albaitaritza.com\/eus\/wp-json\/wp\/v2\/product\/4095","targetHints":{"allow":["GET"]}}],"collection":[{"href":"https:\/\/albaitaritza.com\/eus\/wp-json\/wp\/v2\/product"}],"about":[{"href":"https:\/\/albaitaritza.com\/eus\/wp-json\/wp\/v2\/types\/product"}],"wp:featuredmedia":[{"embeddable":true,"href":"https:\/\/albaitaritza.com\/eus\/wp-json\/wp\/v2\/media\/4096"}],"wp:attachment":[{"href":"https:\/\/albaitaritza.com\/eus\/wp-json\/wp\/v2\/media?parent=4095"}],"wp:term":[{"taxonomy":"product_brand","embeddable":true,"href":"https:\/\/albaitaritza.com\/eus\/wp-json\/wp\/v2\/product_brand?post=4095"},{"taxonomy":"product_cat","embeddable":true,"href":"https:\/\/albaitaritza.com\/eus\/wp-json\/wp\/v2\/product_cat?post=4095"},{"taxonomy":"product_tag","embeddable":true,"href":"https:\/\/albaitaritza.com\/eus\/wp-json\/wp\/v2\/product_tag?post=4095"}],"curies":[{"name":"wp","href":"https:\/\/api.w.org\/{rel}","templated":true}]}}