{"id":4107,"date":"2025-02-07T18:21:37","date_gmt":"2025-02-07T17:21:37","guid":{"rendered":"https:\/\/albaitaritza.com\/?post_type=product&#038;p=4107"},"modified":"2025-02-25T10:08:31","modified_gmt":"2025-02-25T09:08:31","slug":"lato-vit","status":"publish","type":"product","link":"https:\/\/albaitaritza.com\/eus\/produktua\/lato-vit\/","title":{"rendered":"Lato-Vit"},"content":{"rendered":"<p>Suministro: una c\u00e1psula 15 d\u00edas antes de la cubrici\u00f3n.<br \/>\nPresentaci\u00f3n: 9 c\u00e1psulas por caja.<\/p>","protected":false},"excerpt":{"rendered":"<p class=\"descripcion_producto\">C\u00e1psulas de micronutrientes (zinc, selenio, cobre, yodo, vitaminas E y A&#8230;) para evitar fallos reproductivos por escasez en alguno de estos micronutrientes.<\/p>","protected":false},"featured_media":4109,"template":"","meta":{"inline_featured_image":false},"product_brand":[],"product_cat":[37],"product_tag":[],"class_list":{"0":"post-4107","1":"product","2":"type-product","3":"status-publish","4":"has-post-thumbnail","6":"product_cat-productos_nutricionales","8":"first","9":"instock","10":"virtual","11":"product-type-simple"},"_links":{"self":[{"href":"https:\/\/albaitaritza.com\/eus\/wp-json\/wp\/v2\/product\/4107","targetHints":{"allow":["GET"]}}],"collection":[{"href":"https:\/\/albaitaritza.com\/eus\/wp-json\/wp\/v2\/product"}],"about":[{"href":"https:\/\/albaitaritza.com\/eus\/wp-json\/wp\/v2\/types\/product"}],"wp:featuredmedia":[{"embeddable":true,"href":"https:\/\/albaitaritza.com\/eus\/wp-json\/wp\/v2\/media\/4109"}],"wp:attachment":[{"href":"https:\/\/albaitaritza.com\/eus\/wp-json\/wp\/v2\/media?parent=4107"}],"wp:term":[{"taxonomy":"product_brand","embeddable":true,"href":"https:\/\/albaitaritza.com\/eus\/wp-json\/wp\/v2\/product_brand?post=4107"},{"taxonomy":"product_cat","embeddable":true,"href":"https:\/\/albaitaritza.com\/eus\/wp-json\/wp\/v2\/product_cat?post=4107"},{"taxonomy":"product_tag","embeddable":true,"href":"https:\/\/albaitaritza.com\/eus\/wp-json\/wp\/v2\/product_tag?post=4107"}],"curies":[{"name":"wp","href":"https:\/\/api.w.org\/{rel}","templated":true}]}}