{"id":4123,"date":"2025-02-10T17:00:38","date_gmt":"2025-02-10T16:00:38","guid":{"rendered":"https:\/\/albaitaritza.com\/?post_type=product&#038;p=4123"},"modified":"2025-02-25T10:08:18","modified_gmt":"2025-02-25T09:08:18","slug":"bolus-s-caroteno","status":"publish","type":"product","link":"https:\/\/albaitaritza.com\/eus\/produktua\/bolus-s-caroteno\/","title":{"rendered":"Bolus \u00df-Caroteno"},"content":{"rendered":"<p>Suministro: 1 bolo mediante aplicador oral 30 d\u00edas antes del la inseminaci\u00f3n.<br \/>\nPresentaci\u00f3n: 8 bolos de 97 g por caja.<\/p>","protected":false},"excerpt":{"rendered":"<p class=\"descripcion_producto\">LATO-VIT puede ser potenciado con el uso de Bolus B-Carotone , el cual va a contribuir a la regulaci\u00f3n del ciclo sexual con el desarrollo del cuerpo l\u00fateo y<br \/>\novulaci\u00f3n, dando manifestaciones m\u00e1s fuertes de celos.<br \/>\nDe este modo tendremos mayores \u00e9xitos en la inseminaci\u00f3n, reduciendo los intervalos entre partos.<\/p>","protected":false},"featured_media":4124,"template":"","meta":{"inline_featured_image":false},"product_brand":[],"product_cat":[37],"product_tag":[],"class_list":{"0":"post-4123","1":"product","2":"type-product","3":"status-publish","4":"has-post-thumbnail","6":"product_cat-productos_nutricionales","8":"first","9":"instock","10":"virtual","11":"product-type-simple"},"_links":{"self":[{"href":"https:\/\/albaitaritza.com\/eus\/wp-json\/wp\/v2\/product\/4123","targetHints":{"allow":["GET"]}}],"collection":[{"href":"https:\/\/albaitaritza.com\/eus\/wp-json\/wp\/v2\/product"}],"about":[{"href":"https:\/\/albaitaritza.com\/eus\/wp-json\/wp\/v2\/types\/product"}],"wp:featuredmedia":[{"embeddable":true,"href":"https:\/\/albaitaritza.com\/eus\/wp-json\/wp\/v2\/media\/4124"}],"wp:attachment":[{"href":"https:\/\/albaitaritza.com\/eus\/wp-json\/wp\/v2\/media?parent=4123"}],"wp:term":[{"taxonomy":"product_brand","embeddable":true,"href":"https:\/\/albaitaritza.com\/eus\/wp-json\/wp\/v2\/product_brand?post=4123"},{"taxonomy":"product_cat","embeddable":true,"href":"https:\/\/albaitaritza.com\/eus\/wp-json\/wp\/v2\/product_cat?post=4123"},{"taxonomy":"product_tag","embeddable":true,"href":"https:\/\/albaitaritza.com\/eus\/wp-json\/wp\/v2\/product_tag?post=4123"}],"curies":[{"name":"wp","href":"https:\/\/api.w.org\/{rel}","templated":true}]}}