{"id":4126,"date":"2025-02-10T17:16:48","date_gmt":"2025-02-10T16:16:48","guid":{"rendered":"https:\/\/albaitaritza.com\/?post_type=product&#038;p=4126"},"modified":"2025-02-25T10:08:05","modified_gmt":"2025-02-25T09:08:05","slug":"bolus-energy","status":"publish","type":"product","link":"https:\/\/albaitaritza.com\/eus\/produktua\/bolus-energy\/","title":{"rendered":"Bolus Energy"},"content":{"rendered":"<p>Suministro: 2 bolos mediante el aplicador oral inmediatamente despues del parto. Aplicar 1 bolo a las 12 horas si esto fuera necesario.<br \/>\nPresentaci\u00f3n: 4 bolos de 135 g por caja.<\/p>","protected":false},"excerpt":{"rendered":"<p class=\"descripcion_producto\">Bolos de propionato s\u00f3dico y c\u00e1lcico, niacina, vitaminas A y E, y otros componentes que aportan incluso 36 MJ\/kg de energ\u00eda, reduciendo el riesgo de cetosis y promoviendo el apetito.<\/p>\n<p class=\"descripcion_producto\">La niacina aumenta la concentraci\u00f3n de glucosa en el h\u00edgado reduciendo los niveles de componentes cet\u00f3nicos en sangre.<\/p>","protected":false},"featured_media":4127,"template":"","meta":{"inline_featured_image":false},"product_brand":[],"product_cat":[37],"product_tag":[],"class_list":{"0":"post-4126","1":"product","2":"type-product","3":"status-publish","4":"has-post-thumbnail","6":"product_cat-productos_nutricionales","8":"first","9":"instock","10":"virtual","11":"product-type-simple"},"_links":{"self":[{"href":"https:\/\/albaitaritza.com\/eus\/wp-json\/wp\/v2\/product\/4126","targetHints":{"allow":["GET"]}}],"collection":[{"href":"https:\/\/albaitaritza.com\/eus\/wp-json\/wp\/v2\/product"}],"about":[{"href":"https:\/\/albaitaritza.com\/eus\/wp-json\/wp\/v2\/types\/product"}],"wp:featuredmedia":[{"embeddable":true,"href":"https:\/\/albaitaritza.com\/eus\/wp-json\/wp\/v2\/media\/4127"}],"wp:attachment":[{"href":"https:\/\/albaitaritza.com\/eus\/wp-json\/wp\/v2\/media?parent=4126"}],"wp:term":[{"taxonomy":"product_brand","embeddable":true,"href":"https:\/\/albaitaritza.com\/eus\/wp-json\/wp\/v2\/product_brand?post=4126"},{"taxonomy":"product_cat","embeddable":true,"href":"https:\/\/albaitaritza.com\/eus\/wp-json\/wp\/v2\/product_cat?post=4126"},{"taxonomy":"product_tag","embeddable":true,"href":"https:\/\/albaitaritza.com\/eus\/wp-json\/wp\/v2\/product_tag?post=4126"}],"curies":[{"name":"wp","href":"https:\/\/api.w.org\/{rel}","templated":true}]}}