{"id":4130,"date":"2025-02-12T11:19:55","date_gmt":"2025-02-12T10:19:55","guid":{"rendered":"https:\/\/albaitaritza.com\/?post_type=product&#038;p=4130"},"modified":"2025-02-25T10:06:19","modified_gmt":"2025-02-25T09:06:19","slug":"extractor-para-partos-y-otros-materiales-vink-mas-facil-para-el-parto-de-la-vaca","status":"publish","type":"product","link":"https:\/\/albaitaritza.com\/eus\/produktua\/extractor-para-partos-y-otros-materiales-vink-mas-facil-para-el-parto-de-la-vaca\/","title":{"rendered":"EXTRACTOR PARA PARTOS"},"content":{"rendered":"<p><span class=\"Y2IQFc\" lang=\"es\">Extractor para partos tiene un dise\u00f1o muy funcional, est\u00e1 construido \u00edntegramente en acero inoxidable, muy robusto y pr\u00e1cticamente indestructible lo que garantiza un servicio prolongado y sin problemas.<\/span><\/p>","protected":false},"excerpt":{"rendered":"<p><span class=\"Y2IQFc\" lang=\"es\">Extractor para partos tiene un dise\u00f1o muy funcional, est\u00e1 construido \u00edntegramente en acero inoxidable, muy robusto y pr\u00e1cticamente indestructible lo que garantiza un servicio prolongado y sin problemas. <\/span>Erraz ateratzeko eta erditzen ari den behiari laguntzeko. Pertsona bakar bat nahikoa izango da. Bere trakzio-sistemari esker, tentsioa ez da inoiz galtzen, txandaka tira egiten baitu txahalaren hanka bakoitza palankarekin egiten dugun mugimendu bakoitzean. Trakzionatzean, hanka bat tira, eta itzultzean, bestea tira.<\/p>\n<p>&nbsp;<\/p>","protected":false},"featured_media":3341,"template":"","meta":{"inline_featured_image":false},"product_brand":[],"product_cat":[38],"product_tag":[],"class_list":{"0":"post-4130","1":"product","2":"type-product","3":"status-publish","4":"has-post-thumbnail","6":"product_cat-manejo","8":"first","9":"instock","10":"shipping-taxable","11":"product-type-simple"},"_links":{"self":[{"href":"https:\/\/albaitaritza.com\/eus\/wp-json\/wp\/v2\/product\/4130","targetHints":{"allow":["GET"]}}],"collection":[{"href":"https:\/\/albaitaritza.com\/eus\/wp-json\/wp\/v2\/product"}],"about":[{"href":"https:\/\/albaitaritza.com\/eus\/wp-json\/wp\/v2\/types\/product"}],"wp:featuredmedia":[{"embeddable":true,"href":"https:\/\/albaitaritza.com\/eus\/wp-json\/wp\/v2\/media\/3341"}],"wp:attachment":[{"href":"https:\/\/albaitaritza.com\/eus\/wp-json\/wp\/v2\/media?parent=4130"}],"wp:term":[{"taxonomy":"product_brand","embeddable":true,"href":"https:\/\/albaitaritza.com\/eus\/wp-json\/wp\/v2\/product_brand?post=4130"},{"taxonomy":"product_cat","embeddable":true,"href":"https:\/\/albaitaritza.com\/eus\/wp-json\/wp\/v2\/product_cat?post=4130"},{"taxonomy":"product_tag","embeddable":true,"href":"https:\/\/albaitaritza.com\/eus\/wp-json\/wp\/v2\/product_tag?post=4130"}],"curies":[{"name":"wp","href":"https:\/\/api.w.org\/{rel}","templated":true}]}}