{"id":4139,"date":"2025-02-12T18:28:28","date_gmt":"2025-02-12T17:28:28","guid":{"rendered":"https:\/\/albaitaritza.com\/?post_type=product&#038;p=4139"},"modified":"2025-03-19T16:29:35","modified_gmt":"2025-03-19T15:29:35","slug":"j-lube-lubricante-de-partos-copia","status":"publish","type":"product","link":"https:\/\/albaitaritza.com\/eus\/produktua\/j-lube-lubricante-de-partos-copia\/","title":{"rendered":"Depiladora de ubres"},"content":{"rendered":"<p>La t\u00e9cnica de llama fr\u00eda permite obtener los beneficios que produce una llama de fuego, pero sin sufrir los efectos del calor, es decir, la piel no percibe la sensaci\u00f3n de calor. Con la depiladora EXPRESS podemos mejorar nuestras rutinas de higiene en el orde\u00f1o. Con la llegada de los robots de orde\u00f1o se est\u00e1 convirtiendo en una herramienta indispensable, ya que una ubre depilada es fundamental para la buena detecci\u00f3n de los pezones y correcto funcionamiento del robot.<\/p>","protected":false},"excerpt":{"rendered":"<p>Depiladora t\u00e9rmica EXPRESS<br \/>\n\u00b7Higiene \u00b7Practicidad \u00b7Seguridad \u00b7Rentabilidad \u00b7Ergonom\u00eda \u00b7Autonom\u00eda<\/p>\n<p>&nbsp;<\/p>","protected":false},"featured_media":4216,"template":"","meta":{"inline_featured_image":false},"product_brand":[],"product_cat":[38],"product_tag":[],"class_list":{"0":"post-4139","1":"product","2":"type-product","3":"status-publish","4":"has-post-thumbnail","6":"product_cat-manejo","8":"first","9":"instock","10":"shipping-taxable","11":"product-type-simple"},"_links":{"self":[{"href":"https:\/\/albaitaritza.com\/eus\/wp-json\/wp\/v2\/product\/4139","targetHints":{"allow":["GET"]}}],"collection":[{"href":"https:\/\/albaitaritza.com\/eus\/wp-json\/wp\/v2\/product"}],"about":[{"href":"https:\/\/albaitaritza.com\/eus\/wp-json\/wp\/v2\/types\/product"}],"wp:featuredmedia":[{"embeddable":true,"href":"https:\/\/albaitaritza.com\/eus\/wp-json\/wp\/v2\/media\/4216"}],"wp:attachment":[{"href":"https:\/\/albaitaritza.com\/eus\/wp-json\/wp\/v2\/media?parent=4139"}],"wp:term":[{"taxonomy":"product_brand","embeddable":true,"href":"https:\/\/albaitaritza.com\/eus\/wp-json\/wp\/v2\/product_brand?post=4139"},{"taxonomy":"product_cat","embeddable":true,"href":"https:\/\/albaitaritza.com\/eus\/wp-json\/wp\/v2\/product_cat?post=4139"},{"taxonomy":"product_tag","embeddable":true,"href":"https:\/\/albaitaritza.com\/eus\/wp-json\/wp\/v2\/product_tag?post=4139"}],"curies":[{"name":"wp","href":"https:\/\/api.w.org\/{rel}","templated":true}]}}