{"id":4221,"date":"2025-03-19T17:17:03","date_gmt":"2025-03-19T16:17:03","guid":{"rendered":"https:\/\/albaitaritza.com\/?post_type=product&#038;p=4221"},"modified":"2025-03-19T17:17:03","modified_gmt":"2025-03-19T16:17:03","slug":"carro-de-alimentacion","status":"publish","type":"product","link":"https:\/\/albaitaritza.com\/eus\/produktua\/carro-de-alimentacion\/","title":{"rendered":"Carro de alimentaci\u00f3n"},"content":{"rendered":"<p>Fabricado en polietileno, todo de una pieza. Las ruedas delanteras son giratorias, para m\u00e1s comodidad en el manejo. Disponible en distintos tama\u00f1os y capacidades.<\/p>","protected":false},"excerpt":{"rendered":"<p>Para alimentaci\u00f3n, en tres medidas:<\/p>\n<p>Capacidad: 420 L, 630 L y\/o 700 L.<\/p>\n<p>&nbsp;<\/p>","protected":false},"featured_media":4222,"template":"","meta":{"inline_featured_image":false},"product_brand":[],"product_cat":[38],"product_tag":[],"class_list":{"0":"post-4221","1":"product","2":"type-product","3":"status-publish","4":"has-post-thumbnail","6":"product_cat-manejo","8":"first","9":"instock","10":"shipping-taxable","11":"product-type-simple"},"_links":{"self":[{"href":"https:\/\/albaitaritza.com\/eus\/wp-json\/wp\/v2\/product\/4221","targetHints":{"allow":["GET"]}}],"collection":[{"href":"https:\/\/albaitaritza.com\/eus\/wp-json\/wp\/v2\/product"}],"about":[{"href":"https:\/\/albaitaritza.com\/eus\/wp-json\/wp\/v2\/types\/product"}],"wp:featuredmedia":[{"embeddable":true,"href":"https:\/\/albaitaritza.com\/eus\/wp-json\/wp\/v2\/media\/4222"}],"wp:attachment":[{"href":"https:\/\/albaitaritza.com\/eus\/wp-json\/wp\/v2\/media?parent=4221"}],"wp:term":[{"taxonomy":"product_brand","embeddable":true,"href":"https:\/\/albaitaritza.com\/eus\/wp-json\/wp\/v2\/product_brand?post=4221"},{"taxonomy":"product_cat","embeddable":true,"href":"https:\/\/albaitaritza.com\/eus\/wp-json\/wp\/v2\/product_cat?post=4221"},{"taxonomy":"product_tag","embeddable":true,"href":"https:\/\/albaitaritza.com\/eus\/wp-json\/wp\/v2\/product_tag?post=4221"}],"curies":[{"name":"wp","href":"https:\/\/api.w.org\/{rel}","templated":true}]}}