{"id":4232,"date":"2025-03-19T18:23:35","date_gmt":"2025-03-19T17:23:35","guid":{"rendered":"https:\/\/albaitaritza.com\/?post_type=product&#038;p=4232"},"modified":"2025-03-19T18:31:47","modified_gmt":"2025-03-19T17:31:47","slug":"udder-comfort","status":"publish","type":"product","link":"https:\/\/albaitaritza.com\/eus\/produktua\/udder-comfort\/","title":{"rendered":"UDDER COMFORT"},"content":{"rendered":"<p>Este producto incluye aceites esenciales con aromas naturales que suavizan la piel de las ubres para obtener una leche de calidad. De aplicaci\u00f3n externa \u00fanicamente<br \/>\nen la ubre, como un componente esencial. Siempre lavar y secar cuidadosamente las ubres antes de aplicar. UDDER COMFORT no requiere de receta veterinaria y<br \/>\nse puede utilizar en vacas en lactaci\u00f3n, ya que no deja residuos de leche.<\/p>\n<p>Para su correcta aplicaci\u00f3n, realizaremos un en\u00e9rgico pulverizado junto a un juego de mu\u00f1eca de<br \/>\narriba a abajo. De este modo, obtendremos, tal y como se aprecia en la fotograf\u00eda, un pulverizado<br \/>\nhomog\u00e9neo sobre la ubre o zona a tratar, sin la presencia de gotas ni chorreos l\u00edquidos.<\/p>\n<p>UDDER COMFORT en espray y pomada:<br \/>\nEspray azul: Para la \u00f3ptima visualizaci\u00f3n de su correcta aplicaci\u00f3n. Disponible en 500 ml y 4 L.<br \/>\nEspray amarillo: Con tinte natural para la producci\u00f3n ecol\u00f3gica. Disponible en 500 ml y 4 L.<br \/>\nPomada: Para la aplicaci\u00f3n manual, ideal para lucir una ubre espectacular en los concursos y su posterior recuperaci\u00f3n. Disponible en 300 ml. La dosis aproximada<br \/>\ndel tratamiento son 100 ml por vaca.<\/p>","protected":false},"excerpt":{"rendered":"<p class=\"section-heading__title\" data-ng-bind=\"pdpCtrl.activeVariant.name\" data-testid=\"pdp_product_name\">Diferentes usos de Udder Comfort.<\/p>\n<p class=\"section-heading__title\" data-ng-bind=\"pdpCtrl.activeVariant.name\" data-testid=\"pdp_product_name\">.Prevenci\u00f3n y correcci\u00f3n de edemas de ubre. Aplicar 3 d\u00edas en torno al parto, 2 veces al d\u00eda.<br \/>\n.Prevenci\u00f3n y curaci\u00f3n de mastitis. Aplicar 2 veces al d\u00eda desde la aparici\u00f3n de los primeros s\u00edntomas hasta la desaparici\u00f3n de los mismos (2-3 d\u00edas).<br \/>\n.Disminuci\u00f3n de c\u00e9lulas som\u00e1ticas.<br \/>\n.Actuaci\u00f3n eficaz contra la filaria.<\/p>\n<h1 class=\"section-heading__title\" data-ng-bind=\"pdpCtrl.activeVariant.name\" data-testid=\"pdp_product_name\"><\/h1>\n<p>&nbsp;<\/p>","protected":false},"featured_media":4233,"template":"","meta":{"inline_featured_image":false},"product_brand":[],"product_cat":[38],"product_tag":[],"class_list":{"0":"post-4232","1":"product","2":"type-product","3":"status-publish","4":"has-post-thumbnail","6":"product_cat-manejo","8":"first","9":"instock","10":"shipping-taxable","11":"product-type-simple"},"_links":{"self":[{"href":"https:\/\/albaitaritza.com\/eus\/wp-json\/wp\/v2\/product\/4232","targetHints":{"allow":["GET"]}}],"collection":[{"href":"https:\/\/albaitaritza.com\/eus\/wp-json\/wp\/v2\/product"}],"about":[{"href":"https:\/\/albaitaritza.com\/eus\/wp-json\/wp\/v2\/types\/product"}],"wp:featuredmedia":[{"embeddable":true,"href":"https:\/\/albaitaritza.com\/eus\/wp-json\/wp\/v2\/media\/4233"}],"wp:attachment":[{"href":"https:\/\/albaitaritza.com\/eus\/wp-json\/wp\/v2\/media?parent=4232"}],"wp:term":[{"taxonomy":"product_brand","embeddable":true,"href":"https:\/\/albaitaritza.com\/eus\/wp-json\/wp\/v2\/product_brand?post=4232"},{"taxonomy":"product_cat","embeddable":true,"href":"https:\/\/albaitaritza.com\/eus\/wp-json\/wp\/v2\/product_cat?post=4232"},{"taxonomy":"product_tag","embeddable":true,"href":"https:\/\/albaitaritza.com\/eus\/wp-json\/wp\/v2\/product_tag?post=4232"}],"curies":[{"name":"wp","href":"https:\/\/api.w.org\/{rel}","templated":true}]}}