{"id":4425,"date":"2025-05-21T17:24:49","date_gmt":"2025-05-21T15:24:49","guid":{"rendered":"https:\/\/albaitaritza.com\/?post_type=product&#038;p=4425"},"modified":"2025-05-23T13:21:15","modified_gmt":"2025-05-23T11:21:15","slug":"glico-energy","status":"publish","type":"product","link":"https:\/\/albaitaritza.com\/eus\/produktua\/glico-energy\/","title":{"rendered":"GLICO-ENERGY"},"content":{"rendered":"<p>Disminuye la producci\u00f3n de cuerpos cet\u00f3nicos, regula los niveles de glucosa en la sangre, regula el pH ruminal, mejor preparaci\u00f3n de lasubres, mejor arrancada de la leche y mayor producci\u00f3n l\u00e1ctea.<br \/>\nDisminuye la endometritis por falta de eliminaci\u00f3n de los l\u00edquidos placentarios, mayor peso y viabilidad de los reci\u00e9n nacidos y mayor calidad calostral.<\/p>","protected":false},"excerpt":{"rendered":"<p class=\"descripcion_producto\">Complemento energ\u00e9tico para rumiantes indicado para per\u00edodos pre y post parto.<\/p>","protected":false},"featured_media":4426,"template":"","meta":{"inline_featured_image":false},"product_brand":[],"product_cat":[37],"product_tag":[],"class_list":{"0":"post-4425","1":"product","2":"type-product","3":"status-publish","4":"has-post-thumbnail","6":"product_cat-productos_nutricionales","8":"first","9":"instock","10":"virtual","11":"product-type-simple"},"_links":{"self":[{"href":"https:\/\/albaitaritza.com\/eus\/wp-json\/wp\/v2\/product\/4425","targetHints":{"allow":["GET"]}}],"collection":[{"href":"https:\/\/albaitaritza.com\/eus\/wp-json\/wp\/v2\/product"}],"about":[{"href":"https:\/\/albaitaritza.com\/eus\/wp-json\/wp\/v2\/types\/product"}],"wp:featuredmedia":[{"embeddable":true,"href":"https:\/\/albaitaritza.com\/eus\/wp-json\/wp\/v2\/media\/4426"}],"wp:attachment":[{"href":"https:\/\/albaitaritza.com\/eus\/wp-json\/wp\/v2\/media?parent=4425"}],"wp:term":[{"taxonomy":"product_brand","embeddable":true,"href":"https:\/\/albaitaritza.com\/eus\/wp-json\/wp\/v2\/product_brand?post=4425"},{"taxonomy":"product_cat","embeddable":true,"href":"https:\/\/albaitaritza.com\/eus\/wp-json\/wp\/v2\/product_cat?post=4425"},{"taxonomy":"product_tag","embeddable":true,"href":"https:\/\/albaitaritza.com\/eus\/wp-json\/wp\/v2\/product_tag?post=4425"}],"curies":[{"name":"wp","href":"https:\/\/api.w.org\/{rel}","templated":true}]}}