{"id":4523,"date":"2025-11-20T13:04:37","date_gmt":"2025-11-20T12:04:37","guid":{"rendered":"https:\/\/albaitaritza.com\/?post_type=product&#038;p=4523"},"modified":"2025-11-20T13:08:01","modified_gmt":"2025-11-20T12:08:01","slug":"cepillo-de-higiene","status":"publish","type":"product","link":"https:\/\/albaitaritza.com\/eus\/produktua\/cepillo-de-higiene\/","title":{"rendered":"CEPILLO DE HIGIENE"},"content":{"rendered":"<p>El cepillo de higiene es un paso m\u00e1s en el concepto de confort de los animales.<br \/>\nGracias al dep\u00f3sito que lleva incorporado el sistema, al frotar la vaca su piel contra los cepillos, \u00e9stos depositan en el lomo una cantidad de producto insecticida.<br \/>\nDe este modo, evitamos la aparici\u00f3n de distintos par\u00e1sitos de la piel, como sarna, \u00e1caros, piojos, moscas, etc. Asimismo, aumentamos la eficacia en la distribuci\u00f3n de estos productos.<\/p>","protected":false},"excerpt":{"rendered":"<p class=\"descripcion_producto\">Cepillo de higiene con dep\u00f3sito antiparasitario.<\/p>","protected":false},"featured_media":4524,"template":"","meta":{"inline_featured_image":false},"product_brand":[],"product_cat":[50],"product_tag":[],"class_list":{"0":"post-4523","1":"product","2":"type-product","3":"status-publish","4":"has-post-thumbnail","6":"product_cat-higiene-y-cow-confort","8":"first","9":"instock","10":"virtual","11":"product-type-simple"},"_links":{"self":[{"href":"https:\/\/albaitaritza.com\/eus\/wp-json\/wp\/v2\/product\/4523","targetHints":{"allow":["GET"]}}],"collection":[{"href":"https:\/\/albaitaritza.com\/eus\/wp-json\/wp\/v2\/product"}],"about":[{"href":"https:\/\/albaitaritza.com\/eus\/wp-json\/wp\/v2\/types\/product"}],"wp:featuredmedia":[{"embeddable":true,"href":"https:\/\/albaitaritza.com\/eus\/wp-json\/wp\/v2\/media\/4524"}],"wp:attachment":[{"href":"https:\/\/albaitaritza.com\/eus\/wp-json\/wp\/v2\/media?parent=4523"}],"wp:term":[{"taxonomy":"product_brand","embeddable":true,"href":"https:\/\/albaitaritza.com\/eus\/wp-json\/wp\/v2\/product_brand?post=4523"},{"taxonomy":"product_cat","embeddable":true,"href":"https:\/\/albaitaritza.com\/eus\/wp-json\/wp\/v2\/product_cat?post=4523"},{"taxonomy":"product_tag","embeddable":true,"href":"https:\/\/albaitaritza.com\/eus\/wp-json\/wp\/v2\/product_tag?post=4523"}],"curies":[{"name":"wp","href":"https:\/\/api.w.org\/{rel}","templated":true}]}}