{"id":4526,"date":"2025-11-20T13:13:21","date_gmt":"2025-11-20T12:13:21","guid":{"rendered":"https:\/\/albaitaritza.com\/?post_type=product&#038;p=4526"},"modified":"2025-11-20T13:43:25","modified_gmt":"2025-11-20T12:43:25","slug":"delvotest-sp","status":"publish","type":"product","link":"https:\/\/albaitaritza.com\/eus\/produktua\/delvotest-sp\/","title":{"rendered":"DELVOTEST SP"},"content":{"rendered":"<p>Gracias a este producto el ganadero tiene ahora una herramienta muy \u00fatil para comprobar si la leche de un animal tratado \u2013y dudoso, en cuanto a posible<br \/>\ncontaminaci\u00f3n\u2013 contiene antibi\u00f3ticos detectables antes de mezclar su leche con la del resto del reba\u00f1o y contaminar as\u00ed toda la leche del tanque.<br \/>\nTambi\u00e9n puede realizar un an\u00e1lisis de la leche del tanque antes de que \u00e9sta se mezcle con la de otros ganaderos durante la recogida de leche y contaminar<br \/>\nde este modo toda la leche de la cisterna. Este m\u00e9todo permite un autocontrol en dos momentos cr\u00edticos donde se extiende la contaminaci\u00f3n, cortando este proceso.<\/p>","protected":false},"excerpt":{"rendered":"<p class=\"descripcion_producto\">DELVOTEST SP ha sido concebido para una utilizaci\u00f3n en granja. Demanda pocas manipulaciones y la lectura es un simple cambio de color que nos indica si la leche es conforme y puede ser entregada o no.<\/p>","protected":false},"featured_media":4528,"template":"","meta":{"inline_featured_image":false},"product_brand":[],"product_cat":[51],"product_tag":[],"class_list":{"0":"post-4526","1":"product","2":"type-product","3":"status-publish","4":"has-post-thumbnail","6":"product_cat-kits-y-reactivos","8":"first","9":"instock","10":"virtual","11":"product-type-simple"},"_links":{"self":[{"href":"https:\/\/albaitaritza.com\/eus\/wp-json\/wp\/v2\/product\/4526","targetHints":{"allow":["GET"]}}],"collection":[{"href":"https:\/\/albaitaritza.com\/eus\/wp-json\/wp\/v2\/product"}],"about":[{"href":"https:\/\/albaitaritza.com\/eus\/wp-json\/wp\/v2\/types\/product"}],"wp:featuredmedia":[{"embeddable":true,"href":"https:\/\/albaitaritza.com\/eus\/wp-json\/wp\/v2\/media\/4528"}],"wp:attachment":[{"href":"https:\/\/albaitaritza.com\/eus\/wp-json\/wp\/v2\/media?parent=4526"}],"wp:term":[{"taxonomy":"product_brand","embeddable":true,"href":"https:\/\/albaitaritza.com\/eus\/wp-json\/wp\/v2\/product_brand?post=4526"},{"taxonomy":"product_cat","embeddable":true,"href":"https:\/\/albaitaritza.com\/eus\/wp-json\/wp\/v2\/product_cat?post=4526"},{"taxonomy":"product_tag","embeddable":true,"href":"https:\/\/albaitaritza.com\/eus\/wp-json\/wp\/v2\/product_tag?post=4526"}],"curies":[{"name":"wp","href":"https:\/\/api.w.org\/{rel}","templated":true}]}}