{"id":4538,"date":"2025-11-21T09:51:02","date_gmt":"2025-11-21T08:51:02","guid":{"rendered":"https:\/\/albaitaritza.com\/?post_type=product&#038;p=4538"},"modified":"2025-11-21T10:09:19","modified_gmt":"2025-11-21T09:09:19","slug":"termos-de-nitrogeno-spectrum","status":"publish","type":"product","link":"https:\/\/albaitaritza.com\/eus\/produktua\/termos-de-nitrogeno-spectrum\/","title":{"rendered":"Termos de nitr\u00f3geno SPECTRUM"},"content":{"rendered":"<p>En esta ocasi\u00f3n presentamos la Serie Spectrum. Estos tanques est\u00e1n especialmente dise\u00f1ados para aquellos que requieren un almacenamiento de semen a largo<br \/>\nplazo y bajo nivel de nitr\u00f3geno. Estas caracter\u00edsticas los convierten en los tanques de almacenamiento de N2 l\u00edquido m\u00e1s recomendables para la conservaci\u00f3n de pajuelas de semen. Dise\u00f1ados con el nuevo sistema SIGNATURE, disponen de una nueva cabeza que se deforma sin romper ante una ca\u00edda, de esta forma aumenta su durabilidad.<\/p>\n<p>&nbsp;<\/p>","protected":false},"excerpt":{"rendered":"<p>La prestigiosa marca MVE es l\u00edder en fabricaci\u00f3n de termos para conservaci\u00f3n de semen.<\/p>\n<p>Disponibles en diferentes dise\u00f1os y capacidades. No dudes en consultar para ver cu\u00e1l se adapta mejor a sus necesidades.<\/p>\n<p>&nbsp;<\/p>\n<h1 class=\"section-heading__title\" data-ng-bind=\"pdpCtrl.activeVariant.name\" data-testid=\"pdp_product_name\"><\/h1>\n<p>&nbsp;<\/p>","protected":false},"featured_media":4540,"template":"","meta":{"inline_featured_image":false},"product_brand":[],"product_cat":[46],"product_tag":[],"class_list":{"0":"post-4538","1":"product","2":"type-product","3":"status-publish","4":"has-post-thumbnail","6":"product_cat-inseminacion","8":"first","9":"instock","10":"shipping-taxable","11":"product-type-simple"},"_links":{"self":[{"href":"https:\/\/albaitaritza.com\/eus\/wp-json\/wp\/v2\/product\/4538","targetHints":{"allow":["GET"]}}],"collection":[{"href":"https:\/\/albaitaritza.com\/eus\/wp-json\/wp\/v2\/product"}],"about":[{"href":"https:\/\/albaitaritza.com\/eus\/wp-json\/wp\/v2\/types\/product"}],"wp:featuredmedia":[{"embeddable":true,"href":"https:\/\/albaitaritza.com\/eus\/wp-json\/wp\/v2\/media\/4540"}],"wp:attachment":[{"href":"https:\/\/albaitaritza.com\/eus\/wp-json\/wp\/v2\/media?parent=4538"}],"wp:term":[{"taxonomy":"product_brand","embeddable":true,"href":"https:\/\/albaitaritza.com\/eus\/wp-json\/wp\/v2\/product_brand?post=4538"},{"taxonomy":"product_cat","embeddable":true,"href":"https:\/\/albaitaritza.com\/eus\/wp-json\/wp\/v2\/product_cat?post=4538"},{"taxonomy":"product_tag","embeddable":true,"href":"https:\/\/albaitaritza.com\/eus\/wp-json\/wp\/v2\/product_tag?post=4538"}],"curies":[{"name":"wp","href":"https:\/\/api.w.org\/{rel}","templated":true}]}}