{"id":4541,"date":"2025-11-21T10:09:36","date_gmt":"2025-11-21T09:09:36","guid":{"rendered":"https:\/\/albaitaritza.com\/?post_type=product&#038;p=4541"},"modified":"2025-12-22T17:26:09","modified_gmt":"2025-12-22T16:26:09","slug":"porta-cateter-ia-termico","status":"publish","type":"product","link":"https:\/\/albaitaritza.com\/eus\/produktua\/porta-cateter-ia-termico\/","title":{"rendered":"Porta cat\u00e9ter IA t\u00e9rmico"},"content":{"rendered":"<p>En los ambientes fr\u00edos se produce una importante mortandad de espermatozoides, por el estr\u00e9s del paso de fr\u00edo a descongelar a 30 \u00baC, y otra vez contactar la pajuela con la varilla fr\u00eda. Este sistema se hace m\u00e1s imprescindible para el semen sexado, donde el volumen de espermatozoides es m\u00e1s reducido y, por tanto, m\u00e1s vulnerable.<br \/>\nSe carga en la red el\u00e9ctrica o en USB y mantiene la temperatura ideal (34-36 \u00baC) durante todo el tiempo que dura la inseminaci\u00f3n.<\/p>\n<p><strong>Modo de uso<\/strong><br \/>\nSimplemente encenderemos el interruptor y el porta cat\u00e9ter t\u00e9rmico se encargar\u00e1 de mantener la temperatura del semen o embri\u00f3n. Gracias a la incorporaci\u00f3n de un termostato, detectar\u00e1 la temperatura de la pajuela y la mantendr\u00e1 estable, ahorrando energ\u00eda y mejorando el rendimiento de la bater\u00eda. El material es de alta calidad, s\u00f3lido y la superficie es perfectamente lavable. Puede colocarse en la cintura o en el hombro. Dimensiones: 540 cm L x 120 cm W x 15 mm H Peso: 220 gr<\/p>","protected":false},"excerpt":{"rendered":"<p>Uno de los problemas m\u00e1s importantes de la producci\u00f3n lechera es la fertilidad. En el manejo de la inseminaci\u00f3n, cada paso es muy importante y uno de los que menos atenci\u00f3n recibe es el tratamiento de la pajuela en el tr\u00e1nsito del tanque de nitr\u00f3geno hasta que se produce la inseminaci\u00f3n.<\/p>\n<p>&nbsp;<\/p>\n<h1 class=\"section-heading__title\" data-ng-bind=\"pdpCtrl.activeVariant.name\" data-testid=\"pdp_product_name\"><\/h1>\n<p>&nbsp;<\/p>","protected":false},"featured_media":4719,"template":"","meta":{"inline_featured_image":false},"product_brand":[],"product_cat":[46],"product_tag":[],"class_list":{"0":"post-4541","1":"product","2":"type-product","3":"status-publish","4":"has-post-thumbnail","6":"product_cat-inseminacion","8":"first","9":"instock","10":"shipping-taxable","11":"product-type-simple"},"_links":{"self":[{"href":"https:\/\/albaitaritza.com\/eus\/wp-json\/wp\/v2\/product\/4541","targetHints":{"allow":["GET"]}}],"collection":[{"href":"https:\/\/albaitaritza.com\/eus\/wp-json\/wp\/v2\/product"}],"about":[{"href":"https:\/\/albaitaritza.com\/eus\/wp-json\/wp\/v2\/types\/product"}],"wp:featuredmedia":[{"embeddable":true,"href":"https:\/\/albaitaritza.com\/eus\/wp-json\/wp\/v2\/media\/4719"}],"wp:attachment":[{"href":"https:\/\/albaitaritza.com\/eus\/wp-json\/wp\/v2\/media?parent=4541"}],"wp:term":[{"taxonomy":"product_brand","embeddable":true,"href":"https:\/\/albaitaritza.com\/eus\/wp-json\/wp\/v2\/product_brand?post=4541"},{"taxonomy":"product_cat","embeddable":true,"href":"https:\/\/albaitaritza.com\/eus\/wp-json\/wp\/v2\/product_cat?post=4541"},{"taxonomy":"product_tag","embeddable":true,"href":"https:\/\/albaitaritza.com\/eus\/wp-json\/wp\/v2\/product_tag?post=4541"}],"curies":[{"name":"wp","href":"https:\/\/api.w.org\/{rel}","templated":true}]}}