{"id":4551,"date":"2025-11-21T11:17:19","date_gmt":"2025-11-21T10:17:19","guid":{"rendered":"https:\/\/albaitaritza.com\/?post_type=product&#038;p=4551"},"modified":"2025-11-21T11:34:34","modified_gmt":"2025-11-21T10:34:34","slug":"vainas-alpha-2","status":"publish","type":"product","link":"https:\/\/albaitaritza.com\/eus\/produktua\/vainas-alpha-2\/","title":{"rendered":"Kombicolor"},"content":{"rendered":"<ul>\n<li>Kombicolor MAX es la pistola de inseminaci\u00f3n bovina m\u00e1s robusta y confiable, dise\u00f1ada para su uso con pajuelas Mini y Medianas.<\/li>\n<li>Su longitud aumentada (+2 cm) garantiza una mayor precisi\u00f3n durante la inseminaci\u00f3n y mejor adaptabilidad a diversas razas de ganado, ofreciendo a los t\u00e9cnicos un manejo y control superiores.<\/li>\n<li>El grosor mejorado del tubo proporciona una durabilidad y resistencia excepcionales, incluso en las condiciones m\u00e1s exigentes, lo que prolonga significativamente la vida \u00fatil del producto.<\/li>\n<li>Kombicolor MAX tambi\u00e9n es perfectamente compatible con las fundas Alpha (Ref. 024485), formando una conexi\u00f3n segura y sin fugas, sin necesidad de anillos de goma (O-rings).<\/li>\n<\/ul>","protected":false},"excerpt":{"rendered":"<p>Kombicolor MAX es un inyector de inseminaci\u00f3n artificial bovina larga y duradera para pajuelas Mini y Mediana, ideal con Fundas Alpha, que permite una inseminaci\u00f3n m\u00e1s precisa y controlada.<\/p>\n<p>&nbsp;<\/p>\n<h1 class=\"section-heading__title\" data-ng-bind=\"pdpCtrl.activeVariant.name\" data-testid=\"pdp_product_name\"><\/h1>\n<p>&nbsp;<\/p>","protected":false},"featured_media":4554,"template":"","meta":{"inline_featured_image":false},"product_brand":[],"product_cat":[46],"product_tag":[],"class_list":{"0":"post-4551","1":"product","2":"type-product","3":"status-publish","4":"has-post-thumbnail","6":"product_cat-inseminacion","8":"first","9":"instock","10":"shipping-taxable","11":"product-type-simple"},"_links":{"self":[{"href":"https:\/\/albaitaritza.com\/eus\/wp-json\/wp\/v2\/product\/4551","targetHints":{"allow":["GET"]}}],"collection":[{"href":"https:\/\/albaitaritza.com\/eus\/wp-json\/wp\/v2\/product"}],"about":[{"href":"https:\/\/albaitaritza.com\/eus\/wp-json\/wp\/v2\/types\/product"}],"wp:featuredmedia":[{"embeddable":true,"href":"https:\/\/albaitaritza.com\/eus\/wp-json\/wp\/v2\/media\/4554"}],"wp:attachment":[{"href":"https:\/\/albaitaritza.com\/eus\/wp-json\/wp\/v2\/media?parent=4551"}],"wp:term":[{"taxonomy":"product_brand","embeddable":true,"href":"https:\/\/albaitaritza.com\/eus\/wp-json\/wp\/v2\/product_brand?post=4551"},{"taxonomy":"product_cat","embeddable":true,"href":"https:\/\/albaitaritza.com\/eus\/wp-json\/wp\/v2\/product_cat?post=4551"},{"taxonomy":"product_tag","embeddable":true,"href":"https:\/\/albaitaritza.com\/eus\/wp-json\/wp\/v2\/product_tag?post=4551"}],"curies":[{"name":"wp","href":"https:\/\/api.w.org\/{rel}","templated":true}]}}