{"id":4555,"date":"2025-11-21T11:26:59","date_gmt":"2025-11-21T10:26:59","guid":{"rendered":"https:\/\/albaitaritza.com\/?post_type=product&#038;p=4555"},"modified":"2025-11-21T11:34:00","modified_gmt":"2025-11-21T10:34:00","slug":"vainas-alpha-3","status":"publish","type":"product","link":"https:\/\/albaitaritza.com\/eus\/produktua\/vainas-alpha-3\/","title":{"rendered":"Vainas ALPHA"},"content":{"rendered":"<p>La funda Alpha sin abertura puede ser utilizada tanto con pajuelas mini como con medianas y es f\u00e1cil de conectar a una AlphaVision o Kombicolor.<\/p>\n<p>Al facilitar la inserci\u00f3n en el cuello uterino y a trav\u00e9s de los anillos cervicales, esta funda innovadora garantiza la comodidad de la vaca durante la inseminaci\u00f3n.<\/p>\n<p>Su cabeza esf\u00e9rica pulida y su pl\u00e1stico cristalino ultra liso evitan cualquier trauma en las membranas vaginales, cervicales o uterinas.<\/p>\n<p>Tambi\u00e9n ahorra tiempo en la preparaci\u00f3n e inseminaci\u00f3n al permitir una inserci\u00f3n m\u00e1s sencilla de la pajuela.<\/p>\n<p>Sus dos salidas laterales garantizan un dep\u00f3sito de semen apropiado independientemente de su posici\u00f3n.<\/p>\n<p>La funda Alpha puede utilizarse con pajuelas mini, medianas y universales. La funda de inseminaci\u00f3n Alpha est\u00e1 optimizada para usarse con nuestra inyector Kombicolor.<\/p>","protected":false},"excerpt":{"rendered":"<p>Con su cabeza espec\u00edfica redondeada, la funda Alpha pasa fluidamente hacia el cuello uterino y a trav\u00e9s de los pliegues cervicales. Su entrega lateral doble mejora la higiene.<\/p>\n<p>&nbsp;<\/p>\n<h1 class=\"section-heading__title\" data-ng-bind=\"pdpCtrl.activeVariant.name\" data-testid=\"pdp_product_name\"><\/h1>\n<p>&nbsp;<\/p>","protected":false},"featured_media":4552,"template":"","meta":{"inline_featured_image":false},"product_brand":[],"product_cat":[46],"product_tag":[],"class_list":{"0":"post-4555","1":"product","2":"type-product","3":"status-publish","4":"has-post-thumbnail","6":"product_cat-inseminacion","8":"first","9":"instock","10":"shipping-taxable","11":"product-type-simple"},"_links":{"self":[{"href":"https:\/\/albaitaritza.com\/eus\/wp-json\/wp\/v2\/product\/4555","targetHints":{"allow":["GET"]}}],"collection":[{"href":"https:\/\/albaitaritza.com\/eus\/wp-json\/wp\/v2\/product"}],"about":[{"href":"https:\/\/albaitaritza.com\/eus\/wp-json\/wp\/v2\/types\/product"}],"wp:featuredmedia":[{"embeddable":true,"href":"https:\/\/albaitaritza.com\/eus\/wp-json\/wp\/v2\/media\/4552"}],"wp:attachment":[{"href":"https:\/\/albaitaritza.com\/eus\/wp-json\/wp\/v2\/media?parent=4555"}],"wp:term":[{"taxonomy":"product_brand","embeddable":true,"href":"https:\/\/albaitaritza.com\/eus\/wp-json\/wp\/v2\/product_brand?post=4555"},{"taxonomy":"product_cat","embeddable":true,"href":"https:\/\/albaitaritza.com\/eus\/wp-json\/wp\/v2\/product_cat?post=4555"},{"taxonomy":"product_tag","embeddable":true,"href":"https:\/\/albaitaritza.com\/eus\/wp-json\/wp\/v2\/product_tag?post=4555"}],"curies":[{"name":"wp","href":"https:\/\/api.w.org\/{rel}","templated":true}]}}