{"id":4556,"date":"2025-11-21T11:42:17","date_gmt":"2025-11-21T10:42:17","guid":{"rendered":"https:\/\/albaitaritza.com\/?post_type=product&#038;p=4556"},"modified":"2025-11-21T11:46:49","modified_gmt":"2025-11-21T10:46:49","slug":"detector-de-celos-kamar","status":"publish","type":"product","link":"https:\/\/albaitaritza.com\/eus\/produktua\/detector-de-celos-kamar\/","title":{"rendered":"Detector de celos KAMAR"},"content":{"rendered":"<p>Gracias al singular dise\u00f1o de la c\u00e1mara del KAMAR \u00fanicamente marcar\u00e1 en aquellas ocasiones que la presi\u00f3n dure m\u00e1s de 3 segundos, por lo que peque\u00f1as montas de menos de este tiempo que nos podr\u00edan llevar a confusi\u00f3n no ser\u00e1n marcadas.<\/p>\n<p>Al descubrir m\u00e1s vacas en celo, se ver\u00e1n:<br \/>\n.Incrementos en la tasa de concepci\u00f3n.<br \/>\n.Reducci\u00f3n en el intervalo entre partos.<br \/>\n.Reducci\u00f3n en el gasto de inseminaci\u00f3n.<br \/>\n.Mayor \u00e9xito en la sincronizaci\u00f3n.<br \/>\n.Mayor \u00e9xito de la inseminaci\u00f3n artificial.<\/p>","protected":false},"excerpt":{"rendered":"<p>Este dispositivo se adhiere en la parte superior de la grupa (junto a la cola) de la vaca que queremos controlar. El dispositivo tiene una ampolla de pintura que revienta en cuanto un animal monta a la vaca que est\u00e1 en celo.<\/p>\n<p>&nbsp;<\/p>\n<h1 class=\"section-heading__title\" data-ng-bind=\"pdpCtrl.activeVariant.name\" data-testid=\"pdp_product_name\"><\/h1>\n<p>&nbsp;<\/p>","protected":false},"featured_media":4558,"template":"","meta":{"inline_featured_image":false},"product_brand":[],"product_cat":[46],"product_tag":[],"class_list":{"0":"post-4556","1":"product","2":"type-product","3":"status-publish","4":"has-post-thumbnail","6":"product_cat-inseminacion","8":"first","9":"instock","10":"shipping-taxable","11":"product-type-simple"},"_links":{"self":[{"href":"https:\/\/albaitaritza.com\/eus\/wp-json\/wp\/v2\/product\/4556","targetHints":{"allow":["GET"]}}],"collection":[{"href":"https:\/\/albaitaritza.com\/eus\/wp-json\/wp\/v2\/product"}],"about":[{"href":"https:\/\/albaitaritza.com\/eus\/wp-json\/wp\/v2\/types\/product"}],"wp:featuredmedia":[{"embeddable":true,"href":"https:\/\/albaitaritza.com\/eus\/wp-json\/wp\/v2\/media\/4558"}],"wp:attachment":[{"href":"https:\/\/albaitaritza.com\/eus\/wp-json\/wp\/v2\/media?parent=4556"}],"wp:term":[{"taxonomy":"product_brand","embeddable":true,"href":"https:\/\/albaitaritza.com\/eus\/wp-json\/wp\/v2\/product_brand?post=4556"},{"taxonomy":"product_cat","embeddable":true,"href":"https:\/\/albaitaritza.com\/eus\/wp-json\/wp\/v2\/product_cat?post=4556"},{"taxonomy":"product_tag","embeddable":true,"href":"https:\/\/albaitaritza.com\/eus\/wp-json\/wp\/v2\/product_tag?post=4556"}],"curies":[{"name":"wp","href":"https:\/\/api.w.org\/{rel}","templated":true}]}}