{"id":4571,"date":"2025-11-21T13:37:12","date_gmt":"2025-11-21T12:37:12","guid":{"rendered":"https:\/\/albaitaritza.com\/?post_type=product&#038;p=4571"},"modified":"2025-12-22T16:27:32","modified_gmt":"2025-12-22T15:27:32","slug":"peto-azul-oring","status":"publish","type":"product","link":"https:\/\/albaitaritza.com\/eus\/produktua\/peto-azul-oring\/","title":{"rendered":"PETO AZUL ORING"},"content":{"rendered":"<p>Transpira y repele el agua.<\/p>\n<p>Ideal para una cobertura total. Bolsillo interior frontal en el peto y acceso al bolsillo lateral derecho.<\/p>\n<p>Ajuste con botones a presi\u00f3n en el bajo de la pierna. Clips de pl\u00e1stico resistentes para poner y quitar f\u00e1cilmente. El\u00e1stico ancho y resistente de gran durabilidad.<\/p>\n<p>Fabricado en Flexothane, 100% impermeable y lavable a m\u00e1quina.<\/p>","protected":false},"excerpt":{"rendered":"<p>Importado directamente y en exclusiva desde <strong>Nueva Zelanda, ALBAITARITZA<\/strong><\/p>\n<p><strong>Oringi<\/strong> ropa para el agua dise\u00f1ada especialmente para los ganaderos.<\/p>\n<h1 class=\"section-heading__title\" data-ng-bind=\"pdpCtrl.activeVariant.name\" data-testid=\"pdp_product_name\"><\/h1>\n<p>&nbsp;<\/p>","protected":false},"featured_media":4699,"template":"","meta":{"inline_featured_image":false},"product_brand":[],"product_cat":[52],"product_tag":[],"class_list":{"0":"post-4571","1":"product","2":"type-product","3":"status-publish","4":"has-post-thumbnail","6":"product_cat-equipamiento","8":"first","9":"instock","10":"shipping-taxable","11":"product-type-simple"},"_links":{"self":[{"href":"https:\/\/albaitaritza.com\/eus\/wp-json\/wp\/v2\/product\/4571","targetHints":{"allow":["GET"]}}],"collection":[{"href":"https:\/\/albaitaritza.com\/eus\/wp-json\/wp\/v2\/product"}],"about":[{"href":"https:\/\/albaitaritza.com\/eus\/wp-json\/wp\/v2\/types\/product"}],"wp:featuredmedia":[{"embeddable":true,"href":"https:\/\/albaitaritza.com\/eus\/wp-json\/wp\/v2\/media\/4699"}],"wp:attachment":[{"href":"https:\/\/albaitaritza.com\/eus\/wp-json\/wp\/v2\/media?parent=4571"}],"wp:term":[{"taxonomy":"product_brand","embeddable":true,"href":"https:\/\/albaitaritza.com\/eus\/wp-json\/wp\/v2\/product_brand?post=4571"},{"taxonomy":"product_cat","embeddable":true,"href":"https:\/\/albaitaritza.com\/eus\/wp-json\/wp\/v2\/product_cat?post=4571"},{"taxonomy":"product_tag","embeddable":true,"href":"https:\/\/albaitaritza.com\/eus\/wp-json\/wp\/v2\/product_tag?post=4571"}],"curies":[{"name":"wp","href":"https:\/\/api.w.org\/{rel}","templated":true}]}}