{"id":4575,"date":"2025-11-24T17:24:54","date_gmt":"2025-11-24T16:24:54","guid":{"rendered":"https:\/\/albaitaritza.com\/?post_type=product&#038;p=4575"},"modified":"2025-11-24T18:23:45","modified_gmt":"2025-11-24T17:23:45","slug":"medidor-de-humedad-y-temperatura","status":"publish","type":"product","link":"https:\/\/albaitaritza.com\/eus\/produktua\/medidor-de-humedad-y-temperatura\/","title":{"rendered":"Medidor de humedad y temperatura"},"content":{"rendered":"<p>El exceso de humedad compromete claramente la conservaci\u00f3n y calidad de las materias primas. Este aparato de alta tecnolog\u00eda es capaz de darnos el contenido de humedad de una materia prima en un rango del 10-80%. Esto lo hace mediante la medici\u00f3n de los cambios de conductividad el\u00e9ctrica.<\/p>\n<p>Con esta misma herramienta vamos a poder medir la temperatura de nuestro heno y paja. De este modo, podremos predecir un posible desarrollo de hongos en su interior. Mide temperaturas en un rango de 0-100\u00baC.<\/p>\n<p>En ambos casos, tanto en la medici\u00f3n de humedad como en la de temperatura, es capaz de almacenar hasta 50 mediciones. Adem\u00e1s, puede calcular posteriormente la media, el valor m\u00e1ximo y el m\u00ednimo.<\/p>","protected":false},"excerpt":{"rendered":"<p>Medidor de humedad y temperatura para heno y paja.<\/p>\n<p>En ambos casos, tanto en la medici\u00f3n de humedad como en la de temperatura, es capaz de almacenar hasta 50 mediciones. Adem\u00e1s, puede calcular posteriormente la media, el valor m\u00e1ximo y el m\u00ednimo. El grado de humedad o el contenido de materia seca de una materia prima es un dato de gran importancia para el ganadero. La formulaci\u00f3n de las raciones, as\u00ed como la dosificaci\u00f3n de los aditivos, se hacen a raz\u00f3n de la materia<br \/>\nseca de la raci\u00f3n.<\/p>\n<h1 class=\"section-heading__title\" data-ng-bind=\"pdpCtrl.activeVariant.name\" data-testid=\"pdp_product_name\"><\/h1>\n<p>&nbsp;<\/p>","protected":false},"featured_media":4576,"template":"","meta":{"inline_featured_image":false},"product_brand":[],"product_cat":[51],"product_tag":[],"class_list":{"0":"post-4575","1":"product","2":"type-product","3":"status-publish","4":"has-post-thumbnail","6":"product_cat-kits-y-reactivos","8":"first","9":"instock","10":"shipping-taxable","11":"product-type-simple"},"_links":{"self":[{"href":"https:\/\/albaitaritza.com\/eus\/wp-json\/wp\/v2\/product\/4575","targetHints":{"allow":["GET"]}}],"collection":[{"href":"https:\/\/albaitaritza.com\/eus\/wp-json\/wp\/v2\/product"}],"about":[{"href":"https:\/\/albaitaritza.com\/eus\/wp-json\/wp\/v2\/types\/product"}],"wp:featuredmedia":[{"embeddable":true,"href":"https:\/\/albaitaritza.com\/eus\/wp-json\/wp\/v2\/media\/4576"}],"wp:attachment":[{"href":"https:\/\/albaitaritza.com\/eus\/wp-json\/wp\/v2\/media?parent=4575"}],"wp:term":[{"taxonomy":"product_brand","embeddable":true,"href":"https:\/\/albaitaritza.com\/eus\/wp-json\/wp\/v2\/product_brand?post=4575"},{"taxonomy":"product_cat","embeddable":true,"href":"https:\/\/albaitaritza.com\/eus\/wp-json\/wp\/v2\/product_cat?post=4575"},{"taxonomy":"product_tag","embeddable":true,"href":"https:\/\/albaitaritza.com\/eus\/wp-json\/wp\/v2\/product_tag?post=4575"}],"curies":[{"name":"wp","href":"https:\/\/api.w.org\/{rel}","templated":true}]}}