{"id":4579,"date":"2025-11-24T18:24:20","date_gmt":"2025-11-24T17:24:20","guid":{"rendered":"https:\/\/albaitaritza.com\/?post_type=product&#038;p=4579"},"modified":"2025-12-22T16:59:24","modified_gmt":"2025-12-22T15:59:24","slug":"test-bhb-cetona-leche","status":"publish","type":"product","link":"https:\/\/albaitaritza.com\/eus\/produktua\/test-bhb-cetona-leche\/","title":{"rendered":"Test BHB Cetona Leche"},"content":{"rendered":"<p>El Test BHB Cetona Leche es un m\u00e9todo r\u00e1pido, seguro y, sobre todo, sencillo para monitorizar y detectar con rapidez la posible existencia de cetosis tanto cl\u00ednica como subcl\u00ednica. De la rapidez del diagn\u00f3stico depender\u00e1 en<br \/>\nbuena parte un buen comienzo de lactaci\u00f3n.<\/p>\n<p>El test consiste en unas tiras reactivas que se sumergen en la leche (tambi\u00e9n se puede dirigir el chorro de leche hacia la tira). A continuaci\u00f3n, sacudir ligeramente la tira para eliminar el exceso de leche, esperar unos segundos y comparar el color obtenido con la escala de colores que representa los distintos niveles. El test reacciona ante la presencia del \u00e1cido betahidroxibutirico (BHB), el cual es la cetona predominante en casos de cetosis cl\u00ednicas y subcl\u00ednicas.<\/p>\n<p>De todos es sabido que el postparto es un periodo cr\u00edtico en la producci\u00f3n lechera. El balance energ\u00e9tico negativo en esta fase puede acarrear la presencia de problemas a lo largo de la lactaci\u00f3n: p\u00e9rdidas de producci\u00f3n, trastornos de la fertilidad, mamitis, desplazamientos de abomaso&#8230;<\/p>","protected":false},"excerpt":{"rendered":"<p><strong>Protocolos de utilizaci\u00f3n<\/strong><br \/>\n.Se deben muestrear siempre vacas entre 2 y 14 d\u00edas postparto. En casos excepcionales, incluso 21 d\u00edas postparto.<br \/>\n.Nunca se deben muestrear vacas con 48 horas postparto, ya que nos pueden dar falsos positivos por el aumento importante de la cetona en el parto.<br \/>\n.Muestreando vacas reci\u00e9n paridas una vez por semana durante 2 semanas, podemos detectar el 95% de los casos de cetosis.<br \/>\n.Muestrear vacas en situaciones de estr\u00e9s por calor.<br \/>\n.Muestrear vacas de tres lactaciones.<br \/>\n.Muestrear vacas con condici\u00f3n corporal superior a 4.<\/p>\n<h1 class=\"section-heading__title\" data-ng-bind=\"pdpCtrl.activeVariant.name\" data-testid=\"pdp_product_name\"><\/h1>\n<p>&nbsp;<\/p>","protected":false},"featured_media":4706,"template":"","meta":{"inline_featured_image":false},"product_brand":[],"product_cat":[51],"product_tag":[],"class_list":{"0":"post-4579","1":"product","2":"type-product","3":"status-publish","4":"has-post-thumbnail","6":"product_cat-kits-y-reactivos","8":"first","9":"instock","10":"shipping-taxable","11":"product-type-simple"},"_links":{"self":[{"href":"https:\/\/albaitaritza.com\/eus\/wp-json\/wp\/v2\/product\/4579","targetHints":{"allow":["GET"]}}],"collection":[{"href":"https:\/\/albaitaritza.com\/eus\/wp-json\/wp\/v2\/product"}],"about":[{"href":"https:\/\/albaitaritza.com\/eus\/wp-json\/wp\/v2\/types\/product"}],"wp:featuredmedia":[{"embeddable":true,"href":"https:\/\/albaitaritza.com\/eus\/wp-json\/wp\/v2\/media\/4706"}],"wp:attachment":[{"href":"https:\/\/albaitaritza.com\/eus\/wp-json\/wp\/v2\/media?parent=4579"}],"wp:term":[{"taxonomy":"product_brand","embeddable":true,"href":"https:\/\/albaitaritza.com\/eus\/wp-json\/wp\/v2\/product_brand?post=4579"},{"taxonomy":"product_cat","embeddable":true,"href":"https:\/\/albaitaritza.com\/eus\/wp-json\/wp\/v2\/product_cat?post=4579"},{"taxonomy":"product_tag","embeddable":true,"href":"https:\/\/albaitaritza.com\/eus\/wp-json\/wp\/v2\/product_tag?post=4579"}],"curies":[{"name":"wp","href":"https:\/\/api.w.org\/{rel}","templated":true}]}}