{"id":4599,"date":"2025-11-26T16:53:59","date_gmt":"2025-11-26T15:53:59","guid":{"rendered":"https:\/\/albaitaritza.com\/?post_type=product&#038;p=4599"},"modified":"2025-12-22T16:23:19","modified_gmt":"2025-12-22T15:23:19","slug":"delantal-azul-oringi","status":"publish","type":"product","link":"https:\/\/albaitaritza.com\/eus\/produktua\/delantal-azul-oringi\/","title":{"rendered":"DELANTAL AZUL ORINGI"},"content":{"rendered":"<p>Dise\u00f1o envolvente para m\u00e1xima protecci\u00f3n. Correas ajustables en cintura y cuello. Suave, flexible y c\u00f3modo de usar.<\/p>\n<p>Lavable a m\u00e1quina. Este delantal es el \u00fanico del mercado que se puede lavar a m\u00e1quina.<\/p>\n<p>Para que el delantal dure a\u00fan m\u00e1s, simplemente m\u00e9talo en la lavadora para eliminar las sustancias abrasivas.<\/p>\n<p>Talla \u00fanica.<\/p>\n<p>&nbsp;<\/p>","protected":false},"excerpt":{"rendered":"<p>Importado directamente y en exclusiva desde <strong>Nueva Zelanda, ALBAITARITZA<\/strong><\/p>\n<p><strong>Oringi<\/strong> ropa para el agua dise\u00f1ada especialmente para los ganaderos.<\/p>\n<h1 class=\"section-heading__title\" data-ng-bind=\"pdpCtrl.activeVariant.name\" data-testid=\"pdp_product_name\"><\/h1>\n<p>&nbsp;<\/p>","protected":false},"featured_media":4697,"template":"","meta":{"inline_featured_image":false},"product_brand":[],"product_cat":[52],"product_tag":[],"class_list":{"0":"post-4599","1":"product","2":"type-product","3":"status-publish","4":"has-post-thumbnail","6":"product_cat-equipamiento","8":"first","9":"instock","10":"shipping-taxable","11":"product-type-simple"},"_links":{"self":[{"href":"https:\/\/albaitaritza.com\/eus\/wp-json\/wp\/v2\/product\/4599","targetHints":{"allow":["GET"]}}],"collection":[{"href":"https:\/\/albaitaritza.com\/eus\/wp-json\/wp\/v2\/product"}],"about":[{"href":"https:\/\/albaitaritza.com\/eus\/wp-json\/wp\/v2\/types\/product"}],"wp:featuredmedia":[{"embeddable":true,"href":"https:\/\/albaitaritza.com\/eus\/wp-json\/wp\/v2\/media\/4697"}],"wp:attachment":[{"href":"https:\/\/albaitaritza.com\/eus\/wp-json\/wp\/v2\/media?parent=4599"}],"wp:term":[{"taxonomy":"product_brand","embeddable":true,"href":"https:\/\/albaitaritza.com\/eus\/wp-json\/wp\/v2\/product_brand?post=4599"},{"taxonomy":"product_cat","embeddable":true,"href":"https:\/\/albaitaritza.com\/eus\/wp-json\/wp\/v2\/product_cat?post=4599"},{"taxonomy":"product_tag","embeddable":true,"href":"https:\/\/albaitaritza.com\/eus\/wp-json\/wp\/v2\/product_tag?post=4599"}],"curies":[{"name":"wp","href":"https:\/\/api.w.org\/{rel}","templated":true}]}}