{"id":4604,"date":"2025-11-26T17:46:36","date_gmt":"2025-11-26T16:46:36","guid":{"rendered":"https:\/\/albaitaritza.com\/?post_type=product&#038;p=4604"},"modified":"2025-12-22T16:49:56","modified_gmt":"2025-12-22T15:49:56","slug":"bhb-check-cetona-sangre","status":"publish","type":"product","link":"https:\/\/albaitaritza.com\/eus\/produktua\/bhb-check-cetona-sangre\/","title":{"rendered":"BHB Check Cetona sangre"},"content":{"rendered":"<p>En el caso de utilizar BHB Check (recomendable que lo haga un veterinario), extraeremos una peque\u00f1a cantidad de sangre de la vena de la cola (vena cox\u00edgea) y colocaremos una gota en el extremo exterior de la tira previamente introducida en el lector.<\/p>\n<p>La gota de sangre se introducir\u00e1 por capilaridad hasta el dispositivo que realizar\u00e1 la medici\u00f3n.<\/p>\n<p>De todos es sabido que el postparto es un periodo cr\u00edtico en la producci\u00f3n lechera. El balance energ\u00e9tico negativo en esta fase puede acarrear la presencia de problemas a lo largo de la lactaci\u00f3n: p\u00e9rdidas de producci\u00f3n, trastornos de la fertilidad, mamitis, desplazamientos de abomaso&#8230;<\/p>","protected":false},"excerpt":{"rendered":"<p><strong>Protocolos de utilizaci\u00f3n<\/strong><br \/>\n.Se deben muestrear siempre vacas entre 2 y 14 d\u00edas postparto. En casos excepcionales, incluso 21 d\u00edas postparto.<br \/>\n.Nunca se deben muestrear vacas con 48 horas postparto, ya que nos pueden dar falsos positivos por el aumento importante de la cetona en el parto.<br \/>\n.Muestreando vacas reci\u00e9n paridas una vez por semana durante 2 semanas, podemos detectar el 95% de los casos de cetosis.<br \/>\n.Muestrear vacas en situaciones de estr\u00e9s por calor.<br \/>\n.Muestrear vacas de tres lactaciones.<br \/>\n.Muestrear vacas con condici\u00f3n corporal superior a 4.<\/p>\n<h1 class=\"section-heading__title\" data-ng-bind=\"pdpCtrl.activeVariant.name\" data-testid=\"pdp_product_name\"><\/h1>\n<p>&nbsp;<\/p>","protected":false},"featured_media":4704,"template":"","meta":{"inline_featured_image":false},"product_brand":[],"product_cat":[51],"product_tag":[],"class_list":{"0":"post-4604","1":"product","2":"type-product","3":"status-publish","4":"has-post-thumbnail","6":"product_cat-kits-y-reactivos","8":"first","9":"instock","10":"shipping-taxable","11":"product-type-simple"},"_links":{"self":[{"href":"https:\/\/albaitaritza.com\/eus\/wp-json\/wp\/v2\/product\/4604","targetHints":{"allow":["GET"]}}],"collection":[{"href":"https:\/\/albaitaritza.com\/eus\/wp-json\/wp\/v2\/product"}],"about":[{"href":"https:\/\/albaitaritza.com\/eus\/wp-json\/wp\/v2\/types\/product"}],"wp:featuredmedia":[{"embeddable":true,"href":"https:\/\/albaitaritza.com\/eus\/wp-json\/wp\/v2\/media\/4704"}],"wp:attachment":[{"href":"https:\/\/albaitaritza.com\/eus\/wp-json\/wp\/v2\/media?parent=4604"}],"wp:term":[{"taxonomy":"product_brand","embeddable":true,"href":"https:\/\/albaitaritza.com\/eus\/wp-json\/wp\/v2\/product_brand?post=4604"},{"taxonomy":"product_cat","embeddable":true,"href":"https:\/\/albaitaritza.com\/eus\/wp-json\/wp\/v2\/product_cat?post=4604"},{"taxonomy":"product_tag","embeddable":true,"href":"https:\/\/albaitaritza.com\/eus\/wp-json\/wp\/v2\/product_tag?post=4604"}],"curies":[{"name":"wp","href":"https:\/\/api.w.org\/{rel}","templated":true}]}}