{"id":4640,"date":"2025-12-01T17:51:43","date_gmt":"2025-12-01T16:51:43","guid":{"rendered":"https:\/\/albaitaritza.com\/?post_type=product&#038;p=4640"},"modified":"2025-12-22T17:11:02","modified_gmt":"2025-12-22T16:11:02","slug":"ventilador-multifan","status":"publish","type":"product","link":"https:\/\/albaitaritza.com\/eus\/produktua\/ventilador-multifan\/","title":{"rendered":"MULTIFAN HAIZAGAILUA"},"content":{"rendered":"<p>Caracter\u00edsticas:<\/p>\n<p>Alto caudal: 48.500 m3\/hora.<\/p>\n<p>Regulable por frecuencia y transformador.<\/p>\n<p>Bajo nivel de ruido.<\/p>\n<p>Colocaci\u00f3n sencilla, f\u00e1cil de utilizar.<\/p>\n<p>Posibilidad de distintas distribuciones en la colocaci\u00f3n.<\/p>","protected":false},"excerpt":{"rendered":"<p class=\"descripcion_producto\">Las vacas lecheras de alta productividad necesitan un clima \u00f3ptimo durante todo el a\u00f1o, especialmente durante el verano. En esta \u00e9poca, los establos semicerrados pueden alcanzar temperaturas demasiado altas.<br \/>\nPor encima de 22-25 \u00baC, las vacas necesitan energ\u00eda para mantener constante su temperatura corporal. Es en este momento cuando la vaca precisa la ayuda del ventilador.<\/p>","protected":false},"featured_media":4713,"template":"","meta":{"inline_featured_image":false},"product_brand":[],"product_cat":[50],"product_tag":[],"class_list":{"0":"post-4640","1":"product","2":"type-product","3":"status-publish","4":"has-post-thumbnail","6":"product_cat-higiene-y-cow-confort","8":"first","9":"instock","10":"virtual","11":"product-type-simple"},"_links":{"self":[{"href":"https:\/\/albaitaritza.com\/eus\/wp-json\/wp\/v2\/product\/4640","targetHints":{"allow":["GET"]}}],"collection":[{"href":"https:\/\/albaitaritza.com\/eus\/wp-json\/wp\/v2\/product"}],"about":[{"href":"https:\/\/albaitaritza.com\/eus\/wp-json\/wp\/v2\/types\/product"}],"wp:featuredmedia":[{"embeddable":true,"href":"https:\/\/albaitaritza.com\/eus\/wp-json\/wp\/v2\/media\/4713"}],"wp:attachment":[{"href":"https:\/\/albaitaritza.com\/eus\/wp-json\/wp\/v2\/media?parent=4640"}],"wp:term":[{"taxonomy":"product_brand","embeddable":true,"href":"https:\/\/albaitaritza.com\/eus\/wp-json\/wp\/v2\/product_brand?post=4640"},{"taxonomy":"product_cat","embeddable":true,"href":"https:\/\/albaitaritza.com\/eus\/wp-json\/wp\/v2\/product_cat?post=4640"},{"taxonomy":"product_tag","embeddable":true,"href":"https:\/\/albaitaritza.com\/eus\/wp-json\/wp\/v2\/product_tag?post=4640"}],"curies":[{"name":"wp","href":"https:\/\/api.w.org\/{rel}","templated":true}]}}