{"id":4644,"date":"2025-12-01T18:19:14","date_gmt":"2025-12-01T17:19:14","guid":{"rendered":"https:\/\/albaitaritza.com\/?post_type=product&#038;p=4644"},"modified":"2025-12-22T17:08:12","modified_gmt":"2025-12-22T16:08:12","slug":"ventilador-multifan-portatil","status":"publish","type":"product","link":"https:\/\/albaitaritza.com\/eus\/produktua\/ventilador-multifan-portatil\/","title":{"rendered":"VENTILADOR MULTIFAN PORTATIL"},"content":{"rendered":"<p>Con similares caracter\u00edsticas que el exitoso ventilador MULTIFAN, tenemos ahora \u00a0nuestra disposici\u00f3n este ventilador m\u00e1s peque\u00f1o para poderlo colocar en salas de orde\u00f1o.<\/p>\n<p>De este modo, lograremos un ambiente m\u00e1s agradable y libre de insectos, lo que facilitar\u00e1 las tareas de orde\u00f1o al trabajador y a los animales.<\/p>","protected":false},"excerpt":{"rendered":"<p class=\"descripcion_producto\">Las vacas lecheras de alta productividad necesitan un clima \u00f3ptimo durante todo el a\u00f1o, especialmente durante el verano. En esta \u00e9poca, los establos semicerrados pueden alcanzar temperaturas demasiado altas.<br \/>\nPor encima de 22-25 \u00baC, las vacas necesitan energ\u00eda para mantener constante su temperatura corporal. Es en este momento cuando la vaca precisa la ayuda del ventilador.<\/p>","protected":false},"featured_media":4710,"template":"","meta":{"inline_featured_image":false},"product_brand":[],"product_cat":[50],"product_tag":[],"class_list":{"0":"post-4644","1":"product","2":"type-product","3":"status-publish","4":"has-post-thumbnail","6":"product_cat-higiene-y-cow-confort","8":"first","9":"instock","10":"virtual","11":"product-type-simple"},"_links":{"self":[{"href":"https:\/\/albaitaritza.com\/eus\/wp-json\/wp\/v2\/product\/4644","targetHints":{"allow":["GET"]}}],"collection":[{"href":"https:\/\/albaitaritza.com\/eus\/wp-json\/wp\/v2\/product"}],"about":[{"href":"https:\/\/albaitaritza.com\/eus\/wp-json\/wp\/v2\/types\/product"}],"wp:featuredmedia":[{"embeddable":true,"href":"https:\/\/albaitaritza.com\/eus\/wp-json\/wp\/v2\/media\/4710"}],"wp:attachment":[{"href":"https:\/\/albaitaritza.com\/eus\/wp-json\/wp\/v2\/media?parent=4644"}],"wp:term":[{"taxonomy":"product_brand","embeddable":true,"href":"https:\/\/albaitaritza.com\/eus\/wp-json\/wp\/v2\/product_brand?post=4644"},{"taxonomy":"product_cat","embeddable":true,"href":"https:\/\/albaitaritza.com\/eus\/wp-json\/wp\/v2\/product_cat?post=4644"},{"taxonomy":"product_tag","embeddable":true,"href":"https:\/\/albaitaritza.com\/eus\/wp-json\/wp\/v2\/product_tag?post=4644"}],"curies":[{"name":"wp","href":"https:\/\/api.w.org\/{rel}","templated":true}]}}