{"id":4725,"date":"2026-01-28T17:26:07","date_gmt":"2026-01-28T16:26:07","guid":{"rendered":"https:\/\/albaitaritza.com\/?post_type=product&#038;p=4725"},"modified":"2026-01-28T18:01:19","modified_gmt":"2026-01-28T17:01:19","slug":"chaqueta-para-terneros-holmlaue","status":"publish","type":"product","link":"https:\/\/albaitaritza.com\/eus\/produktua\/chaqueta-para-terneros-holmlaue\/","title":{"rendered":"Chaqueta para terneros Holm&#038;laue"},"content":{"rendered":"<p>Esta chaqueta es un producto dise\u00f1ado para ayudar a los terneros durante las primeras semanas de vida, en las que son m\u00e1s vulnerables a padecer<br \/>\nenfermedades, situaciones de fr\u00edo, estr\u00e9s, etc.<\/p>\n<p>&nbsp;<\/p>","protected":false},"excerpt":{"rendered":"<p class=\"section-heading__title\" data-ng-bind=\"pdpCtrl.activeVariant.name\" data-testid=\"pdp_product_name\">Se calcula que el consumo energ\u00e9tico a trav\u00e9s de la alimentaci\u00f3n ve reducida sus necesidades hasta un 20% en los terneros que se protegen con la chaqueta durante las primeras semanas de su vida.<\/p>\n<h1 class=\"section-heading__title\" data-ng-bind=\"pdpCtrl.activeVariant.name\" data-testid=\"pdp_product_name\"><\/h1>\n<p>&nbsp;<\/p>","protected":false},"featured_media":4726,"template":"","meta":{"inline_featured_image":false},"product_brand":[],"product_cat":[45],"product_tag":[],"class_list":{"0":"post-4725","1":"product","2":"type-product","3":"status-publish","4":"has-post-thumbnail","6":"product_cat-gestion-de-recria","8":"first","9":"instock","10":"shipping-taxable","11":"product-type-simple"},"_links":{"self":[{"href":"https:\/\/albaitaritza.com\/eus\/wp-json\/wp\/v2\/product\/4725","targetHints":{"allow":["GET"]}}],"collection":[{"href":"https:\/\/albaitaritza.com\/eus\/wp-json\/wp\/v2\/product"}],"about":[{"href":"https:\/\/albaitaritza.com\/eus\/wp-json\/wp\/v2\/types\/product"}],"wp:featuredmedia":[{"embeddable":true,"href":"https:\/\/albaitaritza.com\/eus\/wp-json\/wp\/v2\/media\/4726"}],"wp:attachment":[{"href":"https:\/\/albaitaritza.com\/eus\/wp-json\/wp\/v2\/media?parent=4725"}],"wp:term":[{"taxonomy":"product_brand","embeddable":true,"href":"https:\/\/albaitaritza.com\/eus\/wp-json\/wp\/v2\/product_brand?post=4725"},{"taxonomy":"product_cat","embeddable":true,"href":"https:\/\/albaitaritza.com\/eus\/wp-json\/wp\/v2\/product_cat?post=4725"},{"taxonomy":"product_tag","embeddable":true,"href":"https:\/\/albaitaritza.com\/eus\/wp-json\/wp\/v2\/product_tag?post=4725"}],"curies":[{"name":"wp","href":"https:\/\/api.w.org\/{rel}","templated":true}]}}