{"id":4751,"date":"2026-03-18T15:48:40","date_gmt":"2026-03-18T14:48:40","guid":{"rendered":"https:\/\/albaitaritza.com\/?post_type=product&#038;p=4751"},"modified":"2026-03-18T18:29:59","modified_gmt":"2026-03-18T17:29:59","slug":"cubo-tetina-mecanizada-4l","status":"publish","type":"product","link":"https:\/\/albaitaritza.com\/eus\/produktua\/cubo-tetina-mecanizada-4l\/","title":{"rendered":"CUBO TETINA MECANIZADA MILKBAR 4L"},"content":{"rendered":"<p>Puedes colgar el Milk Bar\u2122 de 4 litros en barandas o tubos de hasta 25 mm de ancho. Aseg\u00farate de no forzar el comedero en una baranda m\u00e1s ancho, ya que puede provocar la rotura de la base del gancho.<br \/>\nEste comedero est\u00e1 hecho con un proceso de fabricaci\u00f3n diferente, por lo que aunque no sea tan duradero como el resto de la gama, tiene unas caracter\u00edsticas tan buenas que es muy popular.<br \/>\nPara que tus terneros tengan la mejor posici\u00f3n para beber, cuelga el Milk Bar\u2122\u00a01 de 4 litros en una baranda de unos 80 cm de altura. Esto coloca la tetina a 60 cm, que es la altura \u00f3ptima para los terneros, y ayuda a cerrar el surco esof\u00e1gico.<\/p>\n<p><strong>\u00bfC\u00f3mo se cambian las tetinas?<\/strong><\/p>\n<p>Cambiar las tetinas de este comedero es incre\u00edblemente f\u00e1cil.<\/p>\n<ol>\n<li>Abre los brazos de la tetina<\/li>\n<li>Retira la tetina y sustit\u00fayela por una nueva<\/li>\n<li>Encaja el paquete de brazos en su sitio.<\/li>\n<\/ol>\n<p>&nbsp;<\/p>","protected":false},"excerpt":{"rendered":"<p class=\"section-heading__title\" data-ng-bind=\"pdpCtrl.activeVariant.name\" data-testid=\"pdp_product_name\">Este fabuloso cubo se intercala con las tetinas instaladas para que puedas llevar varios comederos a los corrales de los terneros y reducir el espacio de almacenamiento.<br \/>\nLa tetina se bloquea en su lugar con dos brazos, lo que hace que este sistema de tetina de f\u00e1cil cambio sea un \u00e9xito entre las personas que encuentran desafiante el estilo de extracci\u00f3n.<br \/>\nLos gradientes est\u00e1n marcados cada 250 ml para una mayor precisi\u00f3n y no hay desperdicio con el canal de leche bajo.<br \/>\nEquipado con una tetina Milk Bar\u2122 para maximizar la producci\u00f3n de saliva.<\/p>\n<h1 class=\"section-heading__title\" data-ng-bind=\"pdpCtrl.activeVariant.name\" data-testid=\"pdp_product_name\"><\/h1>\n<p>&nbsp;<\/p>","protected":false},"featured_media":4753,"template":"","meta":{"inline_featured_image":false},"product_brand":[],"product_cat":[45],"product_tag":[],"class_list":{"0":"post-4751","1":"product","2":"type-product","3":"status-publish","4":"has-post-thumbnail","6":"product_cat-gestion-de-recria","8":"first","9":"instock","10":"shipping-taxable","11":"product-type-simple"},"_links":{"self":[{"href":"https:\/\/albaitaritza.com\/eus\/wp-json\/wp\/v2\/product\/4751","targetHints":{"allow":["GET"]}}],"collection":[{"href":"https:\/\/albaitaritza.com\/eus\/wp-json\/wp\/v2\/product"}],"about":[{"href":"https:\/\/albaitaritza.com\/eus\/wp-json\/wp\/v2\/types\/product"}],"wp:featuredmedia":[{"embeddable":true,"href":"https:\/\/albaitaritza.com\/eus\/wp-json\/wp\/v2\/media\/4753"}],"wp:attachment":[{"href":"https:\/\/albaitaritza.com\/eus\/wp-json\/wp\/v2\/media?parent=4751"}],"wp:term":[{"taxonomy":"product_brand","embeddable":true,"href":"https:\/\/albaitaritza.com\/eus\/wp-json\/wp\/v2\/product_brand?post=4751"},{"taxonomy":"product_cat","embeddable":true,"href":"https:\/\/albaitaritza.com\/eus\/wp-json\/wp\/v2\/product_cat?post=4751"},{"taxonomy":"product_tag","embeddable":true,"href":"https:\/\/albaitaritza.com\/eus\/wp-json\/wp\/v2\/product_tag?post=4751"}],"curies":[{"name":"wp","href":"https:\/\/api.w.org\/{rel}","templated":true}]}}