{"id":4755,"date":"2026-03-18T16:48:59","date_gmt":"2026-03-18T15:48:59","guid":{"rendered":"https:\/\/albaitaritza.com\/?post_type=product&#038;p=4755"},"modified":"2026-03-18T16:52:03","modified_gmt":"2026-03-18T15:52:03","slug":"milkbar-cubo-5-6-8-y-10-tetinas","status":"publish","type":"product","link":"https:\/\/albaitaritza.com\/eus\/produktua\/milkbar-cubo-5-6-8-y-10-tetinas\/","title":{"rendered":"MILKBAR CUBO 5, 6, 8 y 10 tetinas."},"content":{"rendered":"<p>El Milk Bar\u2122 Crea el tama\u00f1o de grupo perfecto para los cobertizos y es el comedero ideal para utilizar el sistema Follow the Teat.<br \/>\nEs un comedero muy ligero de manejar pero con una durabilidad excepcional.<br \/>\nLos comederos se apilan unos dentro de otros con las tetinas colocadas para que puedas llevar cuatro o cinco a la vez.<br \/>\nF\u00e1cil de limpiar, f\u00e1cil de usar y a los terneros les encanta su peque\u00f1o saliente para que se sientan seguros.<br \/>\nLos ganchos Ezi Lock se fijan en cualquier tipo de baranda de hasta 75 mm y se dan la vuelta despu\u00e9s de la alimentaci\u00f3n.<br \/>\nEquipado con tetinas Milk Bar\u2122 para reducir la succi\u00f3n no nutritiva.<\/p>\n<p>&nbsp;<\/p>","protected":false},"excerpt":{"rendered":"<p>Con los ganchos Ezi Lock puedes colgar este comedero en cualquier sitio, desde barandas de madera hasta puertas de cobertizos.<\/p>\n<p>Simplemente cuelga el comedero en su lugar, bloquea los ganchos y ll\u00e9nalo con leche.<\/p>\n<p>Despu\u00e9s de la alimentaci\u00f3n puedes quitar el comedero o darle la vuelta hasta la pr\u00f3xima alimentaci\u00f3n.<\/p>\n<p>Para que los terneros tengan la mejor posici\u00f3n para beber, cuelga el comedero en una baranda a unos 100 cm de altura. Esto coloca la tetina a 60 cm, que es la altura \u00f3ptima para los terneros, y ayuda a que el surco esof\u00e1gico se cierre y la leche pase por el rumen.<\/p>\n<h1 class=\"section-heading__title\" data-ng-bind=\"pdpCtrl.activeVariant.name\" data-testid=\"pdp_product_name\"><\/h1>\n<p>&nbsp;<\/p>","protected":false},"featured_media":4756,"template":"","meta":{"inline_featured_image":false},"product_brand":[],"product_cat":[45],"product_tag":[],"class_list":{"0":"post-4755","1":"product","2":"type-product","3":"status-publish","4":"has-post-thumbnail","6":"product_cat-gestion-de-recria","8":"first","9":"instock","10":"shipping-taxable","11":"product-type-simple"},"_links":{"self":[{"href":"https:\/\/albaitaritza.com\/eus\/wp-json\/wp\/v2\/product\/4755","targetHints":{"allow":["GET"]}}],"collection":[{"href":"https:\/\/albaitaritza.com\/eus\/wp-json\/wp\/v2\/product"}],"about":[{"href":"https:\/\/albaitaritza.com\/eus\/wp-json\/wp\/v2\/types\/product"}],"wp:featuredmedia":[{"embeddable":true,"href":"https:\/\/albaitaritza.com\/eus\/wp-json\/wp\/v2\/media\/4756"}],"wp:attachment":[{"href":"https:\/\/albaitaritza.com\/eus\/wp-json\/wp\/v2\/media?parent=4755"}],"wp:term":[{"taxonomy":"product_brand","embeddable":true,"href":"https:\/\/albaitaritza.com\/eus\/wp-json\/wp\/v2\/product_brand?post=4755"},{"taxonomy":"product_cat","embeddable":true,"href":"https:\/\/albaitaritza.com\/eus\/wp-json\/wp\/v2\/product_cat?post=4755"},{"taxonomy":"product_tag","embeddable":true,"href":"https:\/\/albaitaritza.com\/eus\/wp-json\/wp\/v2\/product_tag?post=4755"}],"curies":[{"name":"wp","href":"https:\/\/api.w.org\/{rel}","templated":true}]}}