{"id":4766,"date":"2026-03-18T17:51:04","date_gmt":"2026-03-18T16:51:04","guid":{"rendered":"https:\/\/albaitaritza.com\/?post_type=product&#038;p=4766"},"modified":"2026-03-18T17:59:49","modified_gmt":"2026-03-18T16:59:49","slug":"milkbar-cubo-10-tetinas-36l-corderos-cabritos","status":"publish","type":"product","link":"https:\/\/albaitaritza.com\/eus\/produktua\/milkbar-cubo-10-tetinas-36l-corderos-cabritos\/","title":{"rendered":"MILKBAR CUBO 10 TETINAS 36L CORDEROS\/CABRITOS"},"content":{"rendered":"<p>Con los ganchos Ezi Lock puedes colgar este comedero en cualquier sitio, desde barandas de madera hasta puertas de acero.<br \/>\nBasta con colgar el comedero en su sitio, bloquear los ganchos y llenarlo de leche.<br \/>\nDespu\u00e9s de la alimentaci\u00f3n puedes quitar el comedero, o darle la vuelta hasta la pr\u00f3xima alimentaci\u00f3n.<\/p>\n<p>Para que tus corderos y cabritos tengan la mejor posici\u00f3n para beber, cuelga el comedero en una baranda a unos\u00a065 cm de altura. Esto coloca la tetina a 25 cm, que es la altura \u00f3ptima para ellos, y ayuda a que el surco esof\u00e1gico se cierre y la leche pase por el rumen.<\/p>\n<p>&nbsp;<\/p>","protected":false},"excerpt":{"rendered":"<p>Uno de los comederos m\u00e1s populares de la gama para corderos y cabritos, este comedero de 10 tetinas es excelente y ligero de manejar, con una durabilidad excepcional.<br \/>\nLos comederos se apilan unos dentro de otros con las tetinas colocadas para que puedas llevar cuatro o cinco a la vez.<br \/>\nF\u00e1cil de limpiar, f\u00e1cil de usar y a los corderos y a los cabritos les encanta su peque\u00f1o saliente para que se sientan seguros.<br \/>\nLos ganchos Ezi Lock se fijan en cualquier tipo de baranda de hasta 75 mm y se dan la vuelta despu\u00e9s de la alimentaci\u00f3n.<br \/>\nEquipado con tetinas Milk Bar\u2122 para corderos y cabritos para controlar el flujo de leche<\/p>\n<h1 class=\"section-heading__title\" data-ng-bind=\"pdpCtrl.activeVariant.name\" data-testid=\"pdp_product_name\"><\/h1>\n<p>&nbsp;<\/p>","protected":false},"featured_media":4768,"template":"","meta":{"inline_featured_image":false},"product_brand":[],"product_cat":[45],"product_tag":[],"class_list":{"0":"post-4766","1":"product","2":"type-product","3":"status-publish","4":"has-post-thumbnail","6":"product_cat-gestion-de-recria","8":"first","9":"instock","10":"shipping-taxable","11":"product-type-simple"},"_links":{"self":[{"href":"https:\/\/albaitaritza.com\/eus\/wp-json\/wp\/v2\/product\/4766","targetHints":{"allow":["GET"]}}],"collection":[{"href":"https:\/\/albaitaritza.com\/eus\/wp-json\/wp\/v2\/product"}],"about":[{"href":"https:\/\/albaitaritza.com\/eus\/wp-json\/wp\/v2\/types\/product"}],"wp:featuredmedia":[{"embeddable":true,"href":"https:\/\/albaitaritza.com\/eus\/wp-json\/wp\/v2\/media\/4768"}],"wp:attachment":[{"href":"https:\/\/albaitaritza.com\/eus\/wp-json\/wp\/v2\/media?parent=4766"}],"wp:term":[{"taxonomy":"product_brand","embeddable":true,"href":"https:\/\/albaitaritza.com\/eus\/wp-json\/wp\/v2\/product_brand?post=4766"},{"taxonomy":"product_cat","embeddable":true,"href":"https:\/\/albaitaritza.com\/eus\/wp-json\/wp\/v2\/product_cat?post=4766"},{"taxonomy":"product_tag","embeddable":true,"href":"https:\/\/albaitaritza.com\/eus\/wp-json\/wp\/v2\/product_tag?post=4766"}],"curies":[{"name":"wp","href":"https:\/\/api.w.org\/{rel}","templated":true}]}}