{"id":4769,"date":"2026-03-18T18:18:23","date_gmt":"2026-03-18T17:18:23","guid":{"rendered":"https:\/\/albaitaritza.com\/?post_type=product&#038;p=4769"},"modified":"2026-03-18T18:20:23","modified_gmt":"2026-03-18T17:20:23","slug":"milkbar-cubo-3-tetinas-3l-cordero-cabritos","status":"publish","type":"product","link":"https:\/\/albaitaritza.com\/eus\/produktua\/milkbar-cubo-3-tetinas-3l-cordero-cabritos\/","title":{"rendered":"MILKBAR CUBO 3 TETINAS 3L CORDERO\/CABRITOS"},"content":{"rendered":"<p>Puedes colgar el Milk Bar\u2122\u00a03 para corderos y cabritos sobre barandas o tubos de hasta 25 mm de ancho. Aseg\u00farate de no forzar el comedero en una baranda m\u00e1s ancha, ya que puede provocar la rotura de la base del gancho.<\/p>\n<p>Para que tus animales tengan la mejor posici\u00f3n para beber, cuelga la Milk Bar\u2122\u00a0 3 para corderos y cabritos en una baranda de 55 cm de altura. Esto sit\u00faa la tetina a 30 cm, que por lo general es una buena altura para corderos y cabritos.<\/p>","protected":false},"excerpt":{"rendered":"<p>Comedero duradero de Milk Bar, el Milk Bar\u2122 3 para corderos y cabritos durar\u00e1 muchos a\u00f1os incluso en las condiciones clim\u00e1ticas m\u00e1s extremas.<br \/>\nLos ganchos se ajustan a una baranda de 25 mm y el comedero tiene un cierre autom\u00e1tico para fijarlo a una baranda.<br \/>\nLos agarres para los dedos hacen que este comedero sea f\u00e1cil de transportar.<br \/>\nEquipado con tetinas Milk Bar\u2122 para corderos y cabritos para reducir la hinchaz\u00f3n.<\/p>\n<h1 class=\"section-heading__title\" data-ng-bind=\"pdpCtrl.activeVariant.name\" data-testid=\"pdp_product_name\"><\/h1>\n<p>&nbsp;<\/p>","protected":false},"featured_media":4770,"template":"","meta":{"inline_featured_image":false},"product_brand":[],"product_cat":[45],"product_tag":[],"class_list":{"0":"post-4769","1":"product","2":"type-product","3":"status-publish","4":"has-post-thumbnail","6":"product_cat-gestion-de-recria","8":"first","9":"instock","10":"shipping-taxable","11":"product-type-simple"},"_links":{"self":[{"href":"https:\/\/albaitaritza.com\/eus\/wp-json\/wp\/v2\/product\/4769","targetHints":{"allow":["GET"]}}],"collection":[{"href":"https:\/\/albaitaritza.com\/eus\/wp-json\/wp\/v2\/product"}],"about":[{"href":"https:\/\/albaitaritza.com\/eus\/wp-json\/wp\/v2\/types\/product"}],"wp:featuredmedia":[{"embeddable":true,"href":"https:\/\/albaitaritza.com\/eus\/wp-json\/wp\/v2\/media\/4770"}],"wp:attachment":[{"href":"https:\/\/albaitaritza.com\/eus\/wp-json\/wp\/v2\/media?parent=4769"}],"wp:term":[{"taxonomy":"product_brand","embeddable":true,"href":"https:\/\/albaitaritza.com\/eus\/wp-json\/wp\/v2\/product_brand?post=4769"},{"taxonomy":"product_cat","embeddable":true,"href":"https:\/\/albaitaritza.com\/eus\/wp-json\/wp\/v2\/product_cat?post=4769"},{"taxonomy":"product_tag","embeddable":true,"href":"https:\/\/albaitaritza.com\/eus\/wp-json\/wp\/v2\/product_tag?post=4769"}],"curies":[{"name":"wp","href":"https:\/\/api.w.org\/{rel}","templated":true}]}}